{"id":65,"date":"2022-08-26T13:50:08","date_gmt":"2022-08-26T11:50:08","guid":{"rendered":"https:\/\/nextbike-live.pluspol-networks.de\/bielefeld\/?page_id=65"},"modified":"2025-04-09T15:22:40","modified_gmt":"2025-04-09T13:22:40","slug":"gebuehr","status":"publish","type":"page","link":"https:\/\/www.nextbike.de\/bielefeld\/de\/gebuehr\/","title":{"rendered":"Geb\u00fchr"},"content":{"rendered":"<div class=\"wpb-content-wrapper\"><p>[vc_row][vc_column][vc_column_text]<\/p>\n<h2>Information zur Geb\u00fchr<\/h2>\n<p>[\/vc_column_text][vc_column_text css=&#8220;&#8220;]<\/p>\n<div class=\"row_wrap\">\n<div class=\"wp-block-columns row_xxl\">\n<div class=\"wp-block-column col-12 col-sm-auto\">\n<h2><strong style=\"font-size: 16px;\">Liebe Nutzer*innen,<\/strong><\/h2>\n<\/div>\n<\/div>\n<\/div>\n<div class=\"row_wrap\">\n<div class=\"wp-block-columns row_xxl\">\n<div class=\"wp-block-column col-12 col-sm-auto\">\n<p>du hast das Rad unsachgem\u00e4\u00df zur\u00fcckgegeben. Fahrr\u00e4der und e-Bikes d\u00fcrfen in Bielefeld entlang der wei\u00dfen (nicht eingef\u00e4rbten) Stra\u00dfen und an Stationen abgestellt werden. E-Cargobikes d\u00fcrfen nur an ihrer Heimatstation zur\u00fcckgegeben werden.<\/p>\n<p><strong>F\u00fcr die unsachgem\u00e4\u00dfe R\u00fcckgabe von Standardr\u00e4dern wird eine Geb\u00fchr von 20 \u20ac pro Ausleihe f\u00e4llig. <\/strong><\/p>\n<p>Bei der ersten unsachgem\u00e4\u00dfen R\u00fcckgabe abseits einer Station berechnen wir diesen noch nicht. Bei Wiederholung wird die Geb\u00fchr berechnet.<\/p>\n<p>Du kannst die Geb\u00fchr noch abwenden:<br \/>\nGehe zur\u00fcck zum Rad und leihe es erneut aus. Mache dies nicht aus der Ferne, da das Schloss je nach Radtyp automatisch \u00f6ffnet. Die neue Ausleihe wird mit der alten verschmolzen und die Geb\u00fchr f\u00fcr unsachgem\u00e4\u00dfe R\u00fcckgabe gel\u00f6scht, wenn du das Rad nun ordnungsgem\u00e4\u00df zur\u00fcckgibst.<\/p>\n<p>Angefallene Geb\u00fchren kannst du in der Ausleihhistorie in deiner App oder in deinem Kundenkonto \u00fcber den Webseiten-Login einsehen.<\/p>\n<p>Alle Preise und Tarife f\u00fcr meinSiggi Bielefeld kannst du unter \u201eTarife\u201c einsehen.<\/p>\n<p>&nbsp;<\/p>\n<\/div>\n<\/div>\n<\/div>\n<div class=\"row_wrap\">\n<div class=\"wp-block-columns row_xxl\">\n<div class=\"wp-block-column col-12 col-sm-auto\">\n<h3><strong>Welche R\u00fcckgabe-Optionen hast du bei meinSiggi Bielefeld?<\/strong><\/h3>\n<\/div>\n<\/div>\n<\/div>\n<p>[\/vc_column_text][\/vc_column][\/vc_row][vc_row ppi_row_padding=&#8220;ppi_remove_padding_top&#8220;][vc_column width=&#8220;1\/3&#8243;][vc_column_text css=&#8220;&#8220;]<\/p>\n<h3>Fahrr\u00e4der<\/h3>\n<h5><strong>An Stationen:<\/strong><\/h5>\n<p>Du kannst unsere\u00a0Fahrr\u00e4der an jeder offiziellen Station in zur\u00fcckgeben.<\/p>\n<h5>Wei\u00dfe Stra\u00dfen:<\/h5>\n<p>Fahrr\u00e4der d\u00fcrfen auch flexibel entlang wei\u00dfer (nicht eingef\u00e4rbter) Stra\u00dfen im Stadtgebiet zur\u00fcckgegeben werden.[\/vc_column_text][\/vc_column][vc_column width=&#8220;1\/3&#8243;][vc_column_text]<\/p>\n<h3>e-Cargobikes<\/h3>\n<h5><strong>An e-Cargobike-Stationen &amp; <\/strong>Mobilit\u00e4tsstationen<\/h5>\n<p>E-Cargobikes d\u00fcrfen nur an Stationen zur\u00fcckgegeben werden, die mit einem Cargobikes bzw. einem <strong>+<\/strong> gekennzeichnet sind.<\/p>\n<p>[\/vc_column_text][vc_gallery type=&#8220;image_grid&#8220; images=&#8220;250,248&#8243; img_size=&#8220;100px&#8220; css=&#8220;&#8220;][\/vc_column][vc_column width=&#8220;1\/3&#8243;][vc_column_text css=&#8220;&#8220;]<\/p>\n<h3>e-Bikes<\/h3>\n<h5><strong>An Stationen:<\/strong><\/h5>\n<p>Du kannst unsere e-Bikes an jeder offiziellen Station in zur\u00fcckgeben.<\/p>\n<h5>Wei\u00dfe Stra\u00dfen:<\/h5>\n<p>E-Bikes d\u00fcrfen auch flexibel entlang wei\u00dfer (nicht eingef\u00e4rbter) Stra\u00dfen zur\u00fcckgegeben werden.<\/p>\n<h5><strong>An e-Bike-Stationen &amp; <\/strong>Mobilit\u00e4tsstationen<\/h5>\n<p>Gibst du dein e-Bike hier zur\u00fcck, erh\u00e4ltst du 50% Rabatt auf die ersten 30 Minuten deiner Ausleihe.[\/vc_column_text][vc_gallery type=&#8220;image_grid&#8220; images=&#8220;246,248&#8243; img_size=&#8220;100px&#8220; css=&#8220;&#8220;][\/vc_column][\/vc_row][vc_row][vc_column][vc_column_text]<\/p>\n<div class=\"row_wrap\">\n<div class=\"wp-block-columns row_xxl\">\n<div class=\"wp-block-column col-12 col-sm-auto\">\n<p><strong>Irrt\u00fcmliche Geb\u00fchren? Was nun?<\/strong><\/p>\n<\/div>\n<\/div>\n<\/div>\n<div class=\"row_wrap\">\n<div class=\"wp-block-columns row_xxl\">\n<div class=\"wp-block-column col-12 col-sm-auto\">\n<p>Aufgrund von leichten GPS-Abweichungen kann es passieren, dass dir eine Geb\u00fchr f\u00fcr unsachgem\u00e4\u00dfe R\u00fcckgabe berechnet wird, obwohl du das Rad an einer Station abgestellt hast. Kein Problem. Kontaktiere unsere Hotline unter <a href=\"tel:+49034139283965\">+49 (0) 341 392 839 65<\/a>\u00a0oder schicke uns eine Nachricht per App mit deiner registrierten Handynummer, Radnummer und kurzer Schilderung des Sachverhalts. Wir berichtigen die Ausleihe.<\/p>\n<\/div>\n<\/div>\n<\/div>\n<div class=\"row_wrap\">\n<div class=\"wp-block-columns row_xxl\">\n<div class=\"wp-block-column col-12 col-sm-auto\"><\/div>\n<\/div>\n<\/div>\n<div class=\"row_wrap\">\n<div class=\"wp-block-columns row_xxl\">\n<div class=\"wp-block-column col-12 col-sm-auto\">\n<p>&nbsp;<\/p>\n<\/div>\n<\/div>\n<\/div>\n<p>[\/vc_column_text][\/vc_column][\/vc_row]<\/p>\n<\/div>","protected":false},"excerpt":{"rendered":"<p>[vc_row][vc_column][vc_column_text] Information zur Geb\u00fchr [\/vc_column_text][vc_column_text css=&#8220;&#8220;] Liebe Nutzer*innen, du hast das Rad unsachgem\u00e4\u00df zur\u00fcckgegeben. Fahrr\u00e4der und e-Bikes d\u00fcrfen in Bielefeld entlang der wei\u00dfen (nicht eingef\u00e4rbten) Stra\u00dfen und an Stationen abgestellt werden. E-Cargobikes d\u00fcrfen nur an ihrer Heimatstation zur\u00fcckgegeben werden. F\u00fcr die unsachgem\u00e4\u00dfe R\u00fcckgabe von Standardr\u00e4dern wird eine Geb\u00fchr von 20 \u20ac pro Ausleihe f\u00e4llig. Bei [&hellip;]<\/p>\n","protected":false},"author":2,"featured_media":0,"parent":0,"menu_order":0,"comment_status":"closed","ping_status":"closed","template":"page-bubble.php","meta":{"_acf_changed":false,"inline_featured_image":false,"footnotes":""},"class_list":["post-65","page","type-page","status-publish","hentry"],"acf":[],"yoast_head":"<!-- This site is optimized with the Yoast SEO plugin v27.2 - https:\/\/yoast.com\/product\/yoast-seo-wordpress\/ -->\n<title>Geb\u00fchr - meinSiggi - Bielefeld<\/title>\n<meta name=\"robots\" content=\"index, follow, max-snippet:-1, max-image-preview:large, max-video-preview:-1\" \/>\n<link rel=\"canonical\" href=\"https:\/\/www.nextbike.de\/bielefeld\/de\/gebuehr\/\" \/>\n<meta property=\"og:locale\" content=\"de_DE\" \/>\n<meta property=\"og:type\" content=\"article\" \/>\n<meta property=\"og:title\" content=\"Geb\u00fchr - meinSiggi - Bielefeld\" \/>\n<meta property=\"og:description\" content=\"[vc_row][vc_column][vc_column_text] Information zur Geb\u00fchr [\/vc_column_text][vc_column_text css=&#8220;&#8220;] Liebe Nutzer*innen, du hast das Rad unsachgem\u00e4\u00df zur\u00fcckgegeben. Fahrr\u00e4der und e-Bikes d\u00fcrfen in Bielefeld entlang der wei\u00dfen (nicht eingef\u00e4rbten) Stra\u00dfen und an Stationen abgestellt werden. E-Cargobikes d\u00fcrfen nur an ihrer Heimatstation zur\u00fcckgegeben werden. F\u00fcr die unsachgem\u00e4\u00dfe R\u00fcckgabe von Standardr\u00e4dern wird eine Geb\u00fchr von 20 \u20ac pro Ausleihe f\u00e4llig. Bei [&hellip;]\" \/>\n<meta property=\"og:url\" content=\"https:\/\/www.nextbike.de\/bielefeld\/de\/gebuehr\/\" \/>\n<meta property=\"og:site_name\" content=\"meinSiggi - Bielefeld\" \/>\n<meta property=\"article:modified_time\" content=\"2025-04-09T13:22:40+00:00\" \/>\n<meta name=\"twitter:card\" content=\"summary_large_image\" \/>\n<meta name=\"twitter:label1\" content=\"Gesch\u00e4tzte Lesezeit\" \/>\n\t<meta name=\"twitter:data1\" content=\"3\u00a0Minuten\" \/>\n<script type=\"application\/ld+json\" class=\"yoast-schema-graph\">{\"@context\":\"https:\/\/schema.org\",\"@graph\":[{\"@type\":\"WebPage\",\"@id\":\"https:\/\/www.nextbike.de\/bielefeld\/de\/gebuehr\/\",\"url\":\"https:\/\/www.nextbike.de\/bielefeld\/de\/gebuehr\/\",\"name\":\"Geb\u00fchr - meinSiggi - Bielefeld\",\"isPartOf\":{\"@id\":\"https:\/\/www.nextbike.de\/bielefeld\/de\/#website\"},\"datePublished\":\"2022-08-26T11:50:08+00:00\",\"dateModified\":\"2025-04-09T13:22:40+00:00\",\"breadcrumb\":{\"@id\":\"https:\/\/www.nextbike.de\/bielefeld\/de\/gebuehr\/#breadcrumb\"},\"inLanguage\":\"de\",\"potentialAction\":[{\"@type\":\"ReadAction\",\"target\":[\"https:\/\/www.nextbike.de\/bielefeld\/de\/gebuehr\/\"]}]},{\"@type\":\"BreadcrumbList\",\"@id\":\"https:\/\/www.nextbike.de\/bielefeld\/de\/gebuehr\/#breadcrumb\",\"itemListElement\":[{\"@type\":\"ListItem\",\"position\":1,\"name\":\"Startseite\",\"item\":\"https:\/\/www.nextbike.de\/bielefeld\/de\/\"},{\"@type\":\"ListItem\",\"position\":2,\"name\":\"Geb\u00fchr\"}]},{\"@type\":\"WebSite\",\"@id\":\"https:\/\/www.nextbike.de\/bielefeld\/de\/#website\",\"url\":\"https:\/\/www.nextbike.de\/bielefeld\/de\/\",\"name\":\"meinSiggi - Bielefeld\",\"description\":\"App downloaden und meinSiggi in Bielefeld fahren!\",\"potentialAction\":[{\"@type\":\"SearchAction\",\"target\":{\"@type\":\"EntryPoint\",\"urlTemplate\":\"https:\/\/www.nextbike.de\/bielefeld\/de\/?s={search_term_string}\"},\"query-input\":{\"@type\":\"PropertyValueSpecification\",\"valueRequired\":true,\"valueName\":\"search_term_string\"}}],\"inLanguage\":\"de\"}]}<\/script>\n<!-- \/ Yoast SEO plugin. -->","yoast_head_json":{"title":"Geb\u00fchr - meinSiggi - Bielefeld","robots":{"index":"index","follow":"follow","max-snippet":"max-snippet:-1","max-image-preview":"max-image-preview:large","max-video-preview":"max-video-preview:-1"},"canonical":"https:\/\/www.nextbike.de\/bielefeld\/de\/gebuehr\/","og_locale":"de_DE","og_type":"article","og_title":"Geb\u00fchr - meinSiggi - Bielefeld","og_description":"[vc_row][vc_column][vc_column_text] Information zur Geb\u00fchr [\/vc_column_text][vc_column_text css=&#8220;&#8220;] Liebe Nutzer*innen, du hast das Rad unsachgem\u00e4\u00df zur\u00fcckgegeben. Fahrr\u00e4der und e-Bikes d\u00fcrfen in Bielefeld entlang der wei\u00dfen (nicht eingef\u00e4rbten) Stra\u00dfen und an Stationen abgestellt werden. E-Cargobikes d\u00fcrfen nur an ihrer Heimatstation zur\u00fcckgegeben werden. F\u00fcr die unsachgem\u00e4\u00dfe R\u00fcckgabe von Standardr\u00e4dern wird eine Geb\u00fchr von 20 \u20ac pro Ausleihe f\u00e4llig. Bei [&hellip;]","og_url":"https:\/\/www.nextbike.de\/bielefeld\/de\/gebuehr\/","og_site_name":"meinSiggi - Bielefeld","article_modified_time":"2025-04-09T13:22:40+00:00","twitter_card":"summary_large_image","twitter_misc":{"Gesch\u00e4tzte Lesezeit":"3\u00a0Minuten"},"schema":{"@context":"https:\/\/schema.org","@graph":[{"@type":"WebPage","@id":"https:\/\/www.nextbike.de\/bielefeld\/de\/gebuehr\/","url":"https:\/\/www.nextbike.de\/bielefeld\/de\/gebuehr\/","name":"Geb\u00fchr - meinSiggi - Bielefeld","isPartOf":{"@id":"https:\/\/www.nextbike.de\/bielefeld\/de\/#website"},"datePublished":"2022-08-26T11:50:08+00:00","dateModified":"2025-04-09T13:22:40+00:00","breadcrumb":{"@id":"https:\/\/www.nextbike.de\/bielefeld\/de\/gebuehr\/#breadcrumb"},"inLanguage":"de","potentialAction":[{"@type":"ReadAction","target":["https:\/\/www.nextbike.de\/bielefeld\/de\/gebuehr\/"]}]},{"@type":"BreadcrumbList","@id":"https:\/\/www.nextbike.de\/bielefeld\/de\/gebuehr\/#breadcrumb","itemListElement":[{"@type":"ListItem","position":1,"name":"Startseite","item":"https:\/\/www.nextbike.de\/bielefeld\/de\/"},{"@type":"ListItem","position":2,"name":"Geb\u00fchr"}]},{"@type":"WebSite","@id":"https:\/\/www.nextbike.de\/bielefeld\/de\/#website","url":"https:\/\/www.nextbike.de\/bielefeld\/de\/","name":"meinSiggi - Bielefeld","description":"App downloaden und meinSiggi in Bielefeld fahren!","potentialAction":[{"@type":"SearchAction","target":{"@type":"EntryPoint","urlTemplate":"https:\/\/www.nextbike.de\/bielefeld\/de\/?s={search_term_string}"},"query-input":{"@type":"PropertyValueSpecification","valueRequired":true,"valueName":"search_term_string"}}],"inLanguage":"de"}]}},"_links":{"self":[{"href":"https:\/\/www.nextbike.de\/bielefeld\/de\/wp-json\/wp\/v2\/pages\/65","targetHints":{"allow":["GET"]}}],"collection":[{"href":"https:\/\/www.nextbike.de\/bielefeld\/de\/wp-json\/wp\/v2\/pages"}],"about":[{"href":"https:\/\/www.nextbike.de\/bielefeld\/de\/wp-json\/wp\/v2\/types\/page"}],"author":[{"embeddable":true,"href":"https:\/\/www.nextbike.de\/bielefeld\/de\/wp-json\/wp\/v2\/users\/2"}],"replies":[{"embeddable":true,"href":"https:\/\/www.nextbike.de\/bielefeld\/de\/wp-json\/wp\/v2\/comments?post=65"}],"version-history":[{"count":10,"href":"https:\/\/www.nextbike.de\/bielefeld\/de\/wp-json\/wp\/v2\/pages\/65\/revisions"}],"predecessor-version":[{"id":279,"href":"https:\/\/www.nextbike.de\/bielefeld\/de\/wp-json\/wp\/v2\/pages\/65\/revisions\/279"}],"wp:attachment":[{"href":"https:\/\/www.nextbike.de\/bielefeld\/de\/wp-json\/wp\/v2\/media?parent=65"}],"curies":[{"name":"wp","href":"https:\/\/api.w.org\/{rel}","templated":true}]}}