{"id":147,"date":"2022-10-07T13:54:08","date_gmt":"2022-10-07T11:54:08","guid":{"rendered":"https:\/\/nextbike-live.pluspol-networks.de\/bielefeld\/?page_id=147"},"modified":"2023-06-07T15:30:04","modified_gmt":"2023-06-07T13:30:04","slug":"gruppenfahrten","status":"publish","type":"page","link":"https:\/\/www.nextbike.de\/bielefeld\/de\/gruppenfahrten\/","title":{"rendered":"Gruppenfahrten"},"content":{"rendered":"<div class=\"wpb-content-wrapper\"><p>[vc_row][vc_column][vc_column_text]<\/p>\n<h1>Gruppenfahrten<\/h1>\n<p>&nbsp;<\/p>\n<p>Du hast eine Firmenfeier, Konferenz oder planst einen Ausflug mit Deinen Freunden? Mach Dich mit <em>mein<\/em>Siggi mobil f\u00fcr die n\u00e4chste Veranstaltung und stellen dir R\u00e4der f\u00fcr gro\u00dfe Gruppen zur Verf\u00fcgung.<\/p>\n<p>Du kannst auf deinen Account vier R\u00e4der gleichzeitig ausleihen, aber das reicht dir noch lange nicht, da du eine Familienfeier oder einen Betriebsausflug planst? Dann beauftrage eine Gruppenbuchung. Wir erstellen dir gerne ein individuelles Angebot.<\/p>\n<p>Nimmst du dieses an, sorgen wir daf\u00fcr, dass dir gen\u00fcgend R\u00e4der an deinem Wunschort zur Verf\u00fcgung stehen.<\/p>\n<p>Auf gehts!<\/p>\n<h4>Konditionen<\/h4>\n<ul class=\"border-list\">\n<li>Gruppenfahrten bieten wir ab sechs R\u00e4dern an.<\/li>\n<li>Unser Service umfasst die Vorbereitung, Anlieferung und Abholung der Fahrr\u00e4der<\/li>\n<li>Du kannst die R\u00e4der auch f\u00fcr mehrere Tage nutzen. Sprich uns einfach an!<\/li>\n<\/ul>\n<h4>Preise<\/h4>\n<ul class=\"border-list\">\n<li>Die individuell kalkulierten Gruppenangebote weichen von unseren regul\u00e4ren Verleihpreisen ab.<\/li>\n<li>Ab 19 \u20ac netto pro Rad\/Tag.<\/li>\n<li>Der endg\u00fcltige Preis setzt sich aus den Faktoren Bereitstellungsort sowie der Anzahl der R\u00e4der zusammen.<\/li>\n<\/ul>\n<p>&nbsp;<\/p>\n<p>Sende uns deine Anfrage an <a href=\"mailto:meinsiggi@tier.app?subject=Gruppenbuchung meinSiggi\">meinsiggi@tier.app<\/a> und gib folgende Details an:<\/p>\n<ul>\n<li>Radanzahl<\/li>\n<li>Zeitraum<\/li>\n<li>Lieferadresse<\/li>\n<\/ul>\n<p>[\/vc_column_text][\/vc_column][\/vc_row]<\/p>\n<\/div>","protected":false},"excerpt":{"rendered":"<p>[vc_row][vc_column][vc_column_text] Gruppenfahrten &nbsp; Du hast eine Firmenfeier, Konferenz oder planst einen Ausflug mit Deinen Freunden? Mach Dich mit meinSiggi mobil f\u00fcr die n\u00e4chste Veranstaltung und stellen dir R\u00e4der f\u00fcr gro\u00dfe Gruppen zur Verf\u00fcgung. Du kannst auf deinen Account vier R\u00e4der gleichzeitig ausleihen, aber das reicht dir noch lange nicht, da du eine Familienfeier oder einen [&hellip;]<\/p>\n","protected":false},"author":12,"featured_media":0,"parent":0,"menu_order":0,"comment_status":"closed","ping_status":"closed","template":"page-bubble.php","meta":{"_acf_changed":false,"inline_featured_image":false,"footnotes":""},"class_list":["post-147","page","type-page","status-publish","hentry"],"acf":[],"yoast_head":"<!-- This site is optimized with the Yoast SEO plugin v27.2 - https:\/\/yoast.com\/product\/yoast-seo-wordpress\/ -->\n<title>Gruppenfahrten - meinSiggi - Bielefeld<\/title>\n<meta name=\"description\" content=\"Vier R\u00e4der reichen nicht? Buche unsere R\u00e4der f\u00fcr dein Event. Ab sechs R\u00e4dern erstellen wir dir ein individuelles Angebot.\" \/>\n<meta name=\"robots\" content=\"index, follow, max-snippet:-1, max-image-preview:large, max-video-preview:-1\" \/>\n<link rel=\"canonical\" href=\"https:\/\/www.nextbike.de\/bielefeld\/de\/gruppenfahrten\/\" \/>\n<meta property=\"og:locale\" content=\"de_DE\" \/>\n<meta property=\"og:type\" content=\"article\" \/>\n<meta property=\"og:title\" content=\"Gruppenfahrten - meinSiggi - Bielefeld\" \/>\n<meta property=\"og:description\" content=\"Vier R\u00e4der reichen nicht? Buche unsere R\u00e4der f\u00fcr dein Event. Ab sechs R\u00e4dern erstellen wir dir ein individuelles Angebot.\" \/>\n<meta property=\"og:url\" content=\"https:\/\/www.nextbike.de\/bielefeld\/de\/gruppenfahrten\/\" \/>\n<meta property=\"og:site_name\" content=\"meinSiggi - Bielefeld\" \/>\n<meta property=\"article:modified_time\" content=\"2023-06-07T13:30:04+00:00\" \/>\n<meta name=\"twitter:card\" content=\"summary_large_image\" \/>\n<meta name=\"twitter:label1\" content=\"Gesch\u00e4tzte Lesezeit\" \/>\n\t<meta name=\"twitter:data1\" content=\"1\u00a0Minute\" \/>\n<script type=\"application\/ld+json\" class=\"yoast-schema-graph\">{\"@context\":\"https:\/\/schema.org\",\"@graph\":[{\"@type\":\"WebPage\",\"@id\":\"https:\/\/www.nextbike.de\/bielefeld\/de\/gruppenfahrten\/\",\"url\":\"https:\/\/www.nextbike.de\/bielefeld\/de\/gruppenfahrten\/\",\"name\":\"Gruppenfahrten - meinSiggi - Bielefeld\",\"isPartOf\":{\"@id\":\"https:\/\/www.nextbike.de\/bielefeld\/de\/#website\"},\"datePublished\":\"2022-10-07T11:54:08+00:00\",\"dateModified\":\"2023-06-07T13:30:04+00:00\",\"description\":\"Vier R\u00e4der reichen nicht? Buche unsere R\u00e4der f\u00fcr dein Event. Ab sechs R\u00e4dern erstellen wir dir ein individuelles Angebot.\",\"breadcrumb\":{\"@id\":\"https:\/\/www.nextbike.de\/bielefeld\/de\/gruppenfahrten\/#breadcrumb\"},\"inLanguage\":\"de\",\"potentialAction\":[{\"@type\":\"ReadAction\",\"target\":[\"https:\/\/www.nextbike.de\/bielefeld\/de\/gruppenfahrten\/\"]}]},{\"@type\":\"BreadcrumbList\",\"@id\":\"https:\/\/www.nextbike.de\/bielefeld\/de\/gruppenfahrten\/#breadcrumb\",\"itemListElement\":[{\"@type\":\"ListItem\",\"position\":1,\"name\":\"Startseite\",\"item\":\"https:\/\/www.nextbike.de\/bielefeld\/de\/\"},{\"@type\":\"ListItem\",\"position\":2,\"name\":\"Gruppenfahrten\"}]},{\"@type\":\"WebSite\",\"@id\":\"https:\/\/www.nextbike.de\/bielefeld\/de\/#website\",\"url\":\"https:\/\/www.nextbike.de\/bielefeld\/de\/\",\"name\":\"meinSiggi - Bielefeld\",\"description\":\"App downloaden und meinSiggi in Bielefeld fahren!\",\"potentialAction\":[{\"@type\":\"SearchAction\",\"target\":{\"@type\":\"EntryPoint\",\"urlTemplate\":\"https:\/\/www.nextbike.de\/bielefeld\/de\/?s={search_term_string}\"},\"query-input\":{\"@type\":\"PropertyValueSpecification\",\"valueRequired\":true,\"valueName\":\"search_term_string\"}}],\"inLanguage\":\"de\"}]}<\/script>\n<!-- \/ Yoast SEO plugin. -->","yoast_head_json":{"title":"Gruppenfahrten - meinSiggi - Bielefeld","description":"Vier R\u00e4der reichen nicht? Buche unsere R\u00e4der f\u00fcr dein Event. Ab sechs R\u00e4dern erstellen wir dir ein individuelles Angebot.","robots":{"index":"index","follow":"follow","max-snippet":"max-snippet:-1","max-image-preview":"max-image-preview:large","max-video-preview":"max-video-preview:-1"},"canonical":"https:\/\/www.nextbike.de\/bielefeld\/de\/gruppenfahrten\/","og_locale":"de_DE","og_type":"article","og_title":"Gruppenfahrten - meinSiggi - Bielefeld","og_description":"Vier R\u00e4der reichen nicht? Buche unsere R\u00e4der f\u00fcr dein Event. Ab sechs R\u00e4dern erstellen wir dir ein individuelles Angebot.","og_url":"https:\/\/www.nextbike.de\/bielefeld\/de\/gruppenfahrten\/","og_site_name":"meinSiggi - Bielefeld","article_modified_time":"2023-06-07T13:30:04+00:00","twitter_card":"summary_large_image","twitter_misc":{"Gesch\u00e4tzte Lesezeit":"1\u00a0Minute"},"schema":{"@context":"https:\/\/schema.org","@graph":[{"@type":"WebPage","@id":"https:\/\/www.nextbike.de\/bielefeld\/de\/gruppenfahrten\/","url":"https:\/\/www.nextbike.de\/bielefeld\/de\/gruppenfahrten\/","name":"Gruppenfahrten - meinSiggi - Bielefeld","isPartOf":{"@id":"https:\/\/www.nextbike.de\/bielefeld\/de\/#website"},"datePublished":"2022-10-07T11:54:08+00:00","dateModified":"2023-06-07T13:30:04+00:00","description":"Vier R\u00e4der reichen nicht? Buche unsere R\u00e4der f\u00fcr dein Event. Ab sechs R\u00e4dern erstellen wir dir ein individuelles Angebot.","breadcrumb":{"@id":"https:\/\/www.nextbike.de\/bielefeld\/de\/gruppenfahrten\/#breadcrumb"},"inLanguage":"de","potentialAction":[{"@type":"ReadAction","target":["https:\/\/www.nextbike.de\/bielefeld\/de\/gruppenfahrten\/"]}]},{"@type":"BreadcrumbList","@id":"https:\/\/www.nextbike.de\/bielefeld\/de\/gruppenfahrten\/#breadcrumb","itemListElement":[{"@type":"ListItem","position":1,"name":"Startseite","item":"https:\/\/www.nextbike.de\/bielefeld\/de\/"},{"@type":"ListItem","position":2,"name":"Gruppenfahrten"}]},{"@type":"WebSite","@id":"https:\/\/www.nextbike.de\/bielefeld\/de\/#website","url":"https:\/\/www.nextbike.de\/bielefeld\/de\/","name":"meinSiggi - Bielefeld","description":"App downloaden und meinSiggi in Bielefeld fahren!","potentialAction":[{"@type":"SearchAction","target":{"@type":"EntryPoint","urlTemplate":"https:\/\/www.nextbike.de\/bielefeld\/de\/?s={search_term_string}"},"query-input":{"@type":"PropertyValueSpecification","valueRequired":true,"valueName":"search_term_string"}}],"inLanguage":"de"}]}},"_links":{"self":[{"href":"https:\/\/www.nextbike.de\/bielefeld\/de\/wp-json\/wp\/v2\/pages\/147","targetHints":{"allow":["GET"]}}],"collection":[{"href":"https:\/\/www.nextbike.de\/bielefeld\/de\/wp-json\/wp\/v2\/pages"}],"about":[{"href":"https:\/\/www.nextbike.de\/bielefeld\/de\/wp-json\/wp\/v2\/types\/page"}],"author":[{"embeddable":true,"href":"https:\/\/www.nextbike.de\/bielefeld\/de\/wp-json\/wp\/v2\/users\/12"}],"replies":[{"embeddable":true,"href":"https:\/\/www.nextbike.de\/bielefeld\/de\/wp-json\/wp\/v2\/comments?post=147"}],"version-history":[{"count":5,"href":"https:\/\/www.nextbike.de\/bielefeld\/de\/wp-json\/wp\/v2\/pages\/147\/revisions"}],"predecessor-version":[{"id":230,"href":"https:\/\/www.nextbike.de\/bielefeld\/de\/wp-json\/wp\/v2\/pages\/147\/revisions\/230"}],"wp:attachment":[{"href":"https:\/\/www.nextbike.de\/bielefeld\/de\/wp-json\/wp\/v2\/media?parent=147"}],"curies":[{"name":"wp","href":"https:\/\/api.w.org\/{rel}","templated":true}]}}