{"id":127,"date":"2022-10-07T13:44:33","date_gmt":"2022-10-07T11:44:33","guid":{"rendered":"https:\/\/nextbike-live.pluspol-networks.de\/bielefeld\/?page_id=127"},"modified":"2023-07-06T12:03:26","modified_gmt":"2023-07-06T10:03:26","slug":"partner","status":"publish","type":"page","link":"https:\/\/www.nextbike.de\/bielefeld\/de\/partner\/","title":{"rendered":"Partner"},"content":{"rendered":"<div class=\"wpb-content-wrapper\"><p>[vc_row ppi_row_padding=&#8220;ppi_remove_padding_bottom&#8220; css=&#8220;.vc_custom_1665142619301{border-bottom-width: 1px !important;border-bottom-color: #002855 !important;border-radius: 1px !important;}&#8220;][vc_column width=&#8220;1\/2&#8243;][vc_column_text]<\/p>\n<h1 class=\"primary-font no-margin-top\">Partner<\/h1>\n<p>Folgende Vorteilskund*innen genie\u00dfen 60 Freiminuten pro Ausleihe:<\/p>\n<ul>\n<li>Abo- und JobTicket-Kund*innen (inkl. Deutschlandticket-Kund*innen) moBiel GmbH<\/li>\n<li>Strom- und Gaskund*innen der Stadtwerke Bielefeld GmbH<\/li>\n<li>Kund*innen der BITel Gesellschaft f\u00fcr Telekommunikation mbH<\/li>\n<li>Abokund*innen der Bielefelder B\u00e4der<\/li>\n<li>Mitarbeitende der Universit\u00e4t Bielefeld mit JobTicket<\/li>\n<li>Studierende der Universit\u00e4t Bielefeld<\/li>\n<li>Studierende der FSBI Bielefeld<\/li>\n<\/ul>\n<p>[\/vc_column_text][\/vc_column][vc_column width=&#8220;1\/2&#8243;][vc_single_image image=&#8220;159&#8243; img_size=&#8220;large&#8220; alignment=&#8220;center&#8220;][\/vc_column][\/vc_row][vc_row ppi_row_padding=&#8220;ppi_remove_padding_top,ppi_remove_padding_bottom&#8220;][vc_column][vc_separator color=&#8220;custom&#8220; accent_color=&#8220;#002855&#8243;][\/vc_column][\/vc_row][vc_row ppi_row_padding=&#8220;ppi_remove_padding_top,ppi_remove_padding_bottom&#8220;][vc_column][vc_column_text]<\/p>\n<h4>Registrierung &amp; Verkn\u00fcpfung<\/h4>\n<p>[\/vc_column_text][\/vc_column][\/vc_row][vc_row ppi_row_padding=&#8220;ppi_remove_padding_top,ppi_remove_padding_bottom&#8220;][vc_column width=&#8220;1\/2&#8243;][vc_tta_accordion active_section=&#8220;1&#8243; collapsible_all=&#8220;true&#8220;][vc_tta_section title=&#8220;Mitarbeitende und Studierende der Universit\u00e4t Bielefeld&#8220; tab_id=&#8220;1665142987127-60edb075-10f8&#8243;][vc_column_text]<\/p>\n<p class=\"primary-font no-margin-top\">Mitarbeitende und Studierende der Universit\u00e4t Bielefeld verkn\u00fcpfen sich im Kundenkonto unter &#8222;Partner&#8220; mit ihrem\u00a0<a href=\"https:\/\/www.uni-bielefeld.de\/themen\/campus-support\/ekvv\/ekvv-fur-studierende\/my-ekvv\/#comp_00005f5ecea4_0000000a49_5421\" target=\"_blank\" rel=\"noopener noreferrer\">Fahrradleihcode<\/a>, den Sie \u00fcber das eKVV erhalten.<\/p>\n<p>[\/vc_column_text][\/vc_tta_section][vc_tta_section title=&#8220;Studierende der Hochschule Bielefeld (HSBI)&#8220; tab_id=&#8220;1665142987154-efad34bd-fcb6&#8243;][vc_column_text]<\/p>\n<p class=\"primary-font no-margin-top\">Studierende der Hochschule Bielefeld (HSBI) verkn\u00fcpfen sich im Kundenkonto unter &#8222;Partner&#8220; mit ihrem Code, den Sie \u00fcber das Softwareportal der Hochschule \u00fcber Reiter &#8222;<a href=\"https:\/\/www.fh-bielefeld.de\/softwareportal\/?manufac=Fahrradverleih%20FlowBie%20Siggi#sptop\" target=\"_blank\" rel=\"noopener noreferrer\">Fahrradverleih meinSiggi<\/a>&#8220; erhalten.<\/p>\n<p>[\/vc_column_text][\/vc_tta_section][vc_tta_section title=&#8220;Abo- und JobTicket-Kund*innen moBiel GmbH&#8220; tab_id=&#8220;1665142987184-69d11d1b-707b&#8220;][vc_column_text]Abo-Kund*innen verkn\u00fcpfen sich \u00fcber die 9-stellige Kundennummer (162XXXXXX); JobTicket-Inhaber*innen \u00fcber die individuell zugewiesene 8-stellige ID und Deutschlandticket-Inhaber*innen, die ihr Deutschlandticket in der moBiel YOU gekauft haben, \u00fcber die 6-stellige Vertragsnummer. Anwendbar in Bielefeld und f\u00fcr ein Rad pro Ausleihe.[\/vc_column_text][\/vc_tta_section][\/vc_tta_accordion][\/vc_column][vc_column width=&#8220;1\/2&#8243;][vc_tta_accordion][vc_tta_section title=&#8220;Strom- und Gaskund*innen der Stadtwerke Bielefeld GmbH&#8220; tab_id=&#8220;1665142980196-94a118bf-de68&#8243;][vc_column_text]Strom- und Gaskund*innen der Stadtwerke Bielefeld GmbH verkn\u00fcpfen sich im Kundenkonto unter &#8222;Partner&#8220; mit ihrer 10-stelligen Kundennummer.[\/vc_column_text][\/vc_tta_section][vc_tta_section title=&#8220;Kund*innen der BITel Gesellschaft f\u00fcr Telekommunikation mbH&#8220; tab_id=&#8220;1665142980220-6313eae7-ff06&#8243;][vc_column_text]Kund*innen der BITel Gesellschaft f\u00fcr Telekommunikation mbH verkn\u00fcpfen sich im Kundenkonto unter &#8222;Partner&#8220; mit ihrer 9-stelligen Kundennummer, beginnend mit &#8222;Bxxxxxxxx&#8220;[\/vc_column_text][\/vc_tta_section][vc_tta_section title=&#8220;Jahreskarteninhaber*innen der Bielefelder B\u00e4der und Freizeit GmbH&#8220; tab_id=&#8220;1665142980246-dab95339-77f6&#8243;][vc_column_text]Jahreskarteninhaber*innen der Bielefelder B\u00e4der und Freizeit GmbH verkn\u00fcpfen sich im Kundenkonto unter &#8222;Partner&#8220; mit ihrer Kundennummer.[\/vc_column_text][\/vc_tta_section][\/vc_tta_accordion][\/vc_column][\/vc_row][vc_row ppi_row_padding=&#8220;ppi_remove_padding_top,ppi_remove_padding_bottom&#8220;][vc_column][vc_separator color=&#8220;custom&#8220; accent_color=&#8220;#002855&#8243;][\/vc_column][\/vc_row][vc_row ppi_row_padding=&#8220;ppi_remove_padding_top&#8220;][vc_column][vc_column_text]<\/p>\n<h4>Konditionen<\/h4>\n<ul>\n<li>Bei jeder Ausleihe sind die\u00a0<strong>ersten 60 Minuten kostenlos.<\/strong><\/li>\n<li>Bei einer Fahrtzeit von \u00fcber 60 Minuten werden f\u00fcr alle weiteren 30 Minuten\u00a01 \u20ac f\u00e4llig. Der Tagesh\u00f6chstsatz betr\u00e4gt\u00a010 \u20ac.<\/li>\n<li>Bei Ausleihen zwischen 18 Uhr und 9 Uhr des Folgetages gilt der Nachttarif von maximal 3 \u20ac.<\/li>\n<li>Es k\u00f6nnen bis zu vier R\u00e4der gleichzeitig auf einen Account ausgeliehen werden, die Verg\u00fcnstigung gilt f\u00fcr das erste Rad. F\u00fcr weitere R\u00e4der gilt der\u00a0Basistarif.<\/li>\n<li>E-Cargobikes und e-Bikes sind von der Verg\u00fcnstigung ausgeschlossen.<\/li>\n<li>Die Sonderkondition gilt in Bielefeld.<\/li>\n<\/ul>\n<p>[\/vc_column_text][\/vc_column][\/vc_row]<\/p>\n<\/div>","protected":false},"excerpt":{"rendered":"<p>[vc_row ppi_row_padding=&#8220;ppi_remove_padding_bottom&#8220; css=&#8220;.vc_custom_1665142619301{border-bottom-width: 1px !important;border-bottom-color: #002855 !important;border-radius: 1px !important;}&#8220;][vc_column width=&#8220;1\/2&#8243;][vc_column_text] Partner Folgende Vorteilskund*innen genie\u00dfen 60 Freiminuten pro Ausleihe: Abo- und JobTicket-Kund*innen (inkl. Deutschlandticket-Kund*innen) moBiel GmbH Strom- und Gaskund*innen der Stadtwerke Bielefeld GmbH Kund*innen der BITel Gesellschaft f\u00fcr Telekommunikation mbH Abokund*innen der Bielefelder B\u00e4der Mitarbeitende der Universit\u00e4t Bielefeld mit JobTicket Studierende der Universit\u00e4t Bielefeld Studierende der [&hellip;]<\/p>\n","protected":false},"author":12,"featured_media":0,"parent":0,"menu_order":0,"comment_status":"closed","ping_status":"closed","template":"page-bubble.php","meta":{"_acf_changed":false,"inline_featured_image":false,"footnotes":""},"class_list":["post-127","page","type-page","status-publish","hentry"],"acf":[],"yoast_head":"<!-- This site is optimized with the Yoast SEO plugin v27.2 - https:\/\/yoast.com\/product\/yoast-seo-wordpress\/ -->\n<title>Partner - meinSiggi - Bielefeld<\/title>\n<meta name=\"description\" content=\"60 Freiminuten f\u00fcr Vorteilskund*innen in Bielefeld. Jetzt verkn\u00fcpfen und noch g\u00fcnstiger radeln.\" \/>\n<meta name=\"robots\" content=\"index, follow, max-snippet:-1, max-image-preview:large, max-video-preview:-1\" \/>\n<link rel=\"canonical\" href=\"https:\/\/www.nextbike.de\/bielefeld\/de\/partner\/\" \/>\n<meta property=\"og:locale\" content=\"de_DE\" \/>\n<meta property=\"og:type\" content=\"article\" \/>\n<meta property=\"og:title\" content=\"Partner - meinSiggi - Bielefeld\" \/>\n<meta property=\"og:description\" content=\"60 Freiminuten f\u00fcr Vorteilskund*innen in Bielefeld. Jetzt verkn\u00fcpfen und noch g\u00fcnstiger radeln.\" \/>\n<meta property=\"og:url\" content=\"https:\/\/www.nextbike.de\/bielefeld\/de\/partner\/\" \/>\n<meta property=\"og:site_name\" content=\"meinSiggi - Bielefeld\" \/>\n<meta property=\"article:modified_time\" content=\"2023-07-06T10:03:26+00:00\" \/>\n<meta name=\"twitter:card\" content=\"summary_large_image\" \/>\n<meta name=\"twitter:label1\" content=\"Gesch\u00e4tzte Lesezeit\" \/>\n\t<meta name=\"twitter:data1\" content=\"2\u00a0Minuten\" \/>\n<script type=\"application\/ld+json\" class=\"yoast-schema-graph\">{\"@context\":\"https:\/\/schema.org\",\"@graph\":[{\"@type\":\"WebPage\",\"@id\":\"https:\/\/www.nextbike.de\/bielefeld\/de\/partner\/\",\"url\":\"https:\/\/www.nextbike.de\/bielefeld\/de\/partner\/\",\"name\":\"Partner - meinSiggi - Bielefeld\",\"isPartOf\":{\"@id\":\"https:\/\/www.nextbike.de\/bielefeld\/de\/#website\"},\"datePublished\":\"2022-10-07T11:44:33+00:00\",\"dateModified\":\"2023-07-06T10:03:26+00:00\",\"description\":\"60 Freiminuten f\u00fcr Vorteilskund*innen in Bielefeld. Jetzt verkn\u00fcpfen und noch g\u00fcnstiger radeln.\",\"breadcrumb\":{\"@id\":\"https:\/\/www.nextbike.de\/bielefeld\/de\/partner\/#breadcrumb\"},\"inLanguage\":\"de\",\"potentialAction\":[{\"@type\":\"ReadAction\",\"target\":[\"https:\/\/www.nextbike.de\/bielefeld\/de\/partner\/\"]}]},{\"@type\":\"BreadcrumbList\",\"@id\":\"https:\/\/www.nextbike.de\/bielefeld\/de\/partner\/#breadcrumb\",\"itemListElement\":[{\"@type\":\"ListItem\",\"position\":1,\"name\":\"Startseite\",\"item\":\"https:\/\/www.nextbike.de\/bielefeld\/de\/\"},{\"@type\":\"ListItem\",\"position\":2,\"name\":\"Partner\"}]},{\"@type\":\"WebSite\",\"@id\":\"https:\/\/www.nextbike.de\/bielefeld\/de\/#website\",\"url\":\"https:\/\/www.nextbike.de\/bielefeld\/de\/\",\"name\":\"meinSiggi - Bielefeld\",\"description\":\"App downloaden und meinSiggi in Bielefeld fahren!\",\"potentialAction\":[{\"@type\":\"SearchAction\",\"target\":{\"@type\":\"EntryPoint\",\"urlTemplate\":\"https:\/\/www.nextbike.de\/bielefeld\/de\/?s={search_term_string}\"},\"query-input\":{\"@type\":\"PropertyValueSpecification\",\"valueRequired\":true,\"valueName\":\"search_term_string\"}}],\"inLanguage\":\"de\"}]}<\/script>\n<!-- \/ Yoast SEO plugin. -->","yoast_head_json":{"title":"Partner - meinSiggi - Bielefeld","description":"60 Freiminuten f\u00fcr Vorteilskund*innen in Bielefeld. Jetzt verkn\u00fcpfen und noch g\u00fcnstiger radeln.","robots":{"index":"index","follow":"follow","max-snippet":"max-snippet:-1","max-image-preview":"max-image-preview:large","max-video-preview":"max-video-preview:-1"},"canonical":"https:\/\/www.nextbike.de\/bielefeld\/de\/partner\/","og_locale":"de_DE","og_type":"article","og_title":"Partner - meinSiggi - Bielefeld","og_description":"60 Freiminuten f\u00fcr Vorteilskund*innen in Bielefeld. Jetzt verkn\u00fcpfen und noch g\u00fcnstiger radeln.","og_url":"https:\/\/www.nextbike.de\/bielefeld\/de\/partner\/","og_site_name":"meinSiggi - Bielefeld","article_modified_time":"2023-07-06T10:03:26+00:00","twitter_card":"summary_large_image","twitter_misc":{"Gesch\u00e4tzte Lesezeit":"2\u00a0Minuten"},"schema":{"@context":"https:\/\/schema.org","@graph":[{"@type":"WebPage","@id":"https:\/\/www.nextbike.de\/bielefeld\/de\/partner\/","url":"https:\/\/www.nextbike.de\/bielefeld\/de\/partner\/","name":"Partner - meinSiggi - Bielefeld","isPartOf":{"@id":"https:\/\/www.nextbike.de\/bielefeld\/de\/#website"},"datePublished":"2022-10-07T11:44:33+00:00","dateModified":"2023-07-06T10:03:26+00:00","description":"60 Freiminuten f\u00fcr Vorteilskund*innen in Bielefeld. Jetzt verkn\u00fcpfen und noch g\u00fcnstiger radeln.","breadcrumb":{"@id":"https:\/\/www.nextbike.de\/bielefeld\/de\/partner\/#breadcrumb"},"inLanguage":"de","potentialAction":[{"@type":"ReadAction","target":["https:\/\/www.nextbike.de\/bielefeld\/de\/partner\/"]}]},{"@type":"BreadcrumbList","@id":"https:\/\/www.nextbike.de\/bielefeld\/de\/partner\/#breadcrumb","itemListElement":[{"@type":"ListItem","position":1,"name":"Startseite","item":"https:\/\/www.nextbike.de\/bielefeld\/de\/"},{"@type":"ListItem","position":2,"name":"Partner"}]},{"@type":"WebSite","@id":"https:\/\/www.nextbike.de\/bielefeld\/de\/#website","url":"https:\/\/www.nextbike.de\/bielefeld\/de\/","name":"meinSiggi - Bielefeld","description":"App downloaden und meinSiggi in Bielefeld fahren!","potentialAction":[{"@type":"SearchAction","target":{"@type":"EntryPoint","urlTemplate":"https:\/\/www.nextbike.de\/bielefeld\/de\/?s={search_term_string}"},"query-input":{"@type":"PropertyValueSpecification","valueRequired":true,"valueName":"search_term_string"}}],"inLanguage":"de"}]}},"_links":{"self":[{"href":"https:\/\/www.nextbike.de\/bielefeld\/de\/wp-json\/wp\/v2\/pages\/127","targetHints":{"allow":["GET"]}}],"collection":[{"href":"https:\/\/www.nextbike.de\/bielefeld\/de\/wp-json\/wp\/v2\/pages"}],"about":[{"href":"https:\/\/www.nextbike.de\/bielefeld\/de\/wp-json\/wp\/v2\/types\/page"}],"author":[{"embeddable":true,"href":"https:\/\/www.nextbike.de\/bielefeld\/de\/wp-json\/wp\/v2\/users\/12"}],"replies":[{"embeddable":true,"href":"https:\/\/www.nextbike.de\/bielefeld\/de\/wp-json\/wp\/v2\/comments?post=127"}],"version-history":[{"count":22,"href":"https:\/\/www.nextbike.de\/bielefeld\/de\/wp-json\/wp\/v2\/pages\/127\/revisions"}],"predecessor-version":[{"id":242,"href":"https:\/\/www.nextbike.de\/bielefeld\/de\/wp-json\/wp\/v2\/pages\/127\/revisions\/242"}],"wp:attachment":[{"href":"https:\/\/www.nextbike.de\/bielefeld\/de\/wp-json\/wp\/v2\/media?parent=127"}],"curies":[{"name":"wp","href":"https:\/\/api.w.org\/{rel}","templated":true}]}}