{"id":123,"date":"2022-10-07T13:33:11","date_gmt":"2022-10-07T11:33:11","guid":{"rendered":"https:\/\/nextbike-live.pluspol-networks.de\/bielefeld\/?page_id=123"},"modified":"2023-07-06T12:02:05","modified_gmt":"2023-07-06T10:02:05","slug":"campusbike","status":"publish","type":"page","link":"https:\/\/www.nextbike.de\/bielefeld\/de\/campusbike\/","title":{"rendered":"CAMPUSbike"},"content":{"rendered":"<div class=\"wpb-content-wrapper\"><p>[vc_row][vc_column][vc_column_text]<\/p>\n<h1 class=\"primary-font no-margin-top\" style=\"text-align: left;\">CAMPUSbike<\/h1>\n<p>&nbsp;<\/p>\n<h3>Studierende der Uni Bielefeld sowie der HSBI Bielefeld radeln g\u00fcnstiger!<\/h3>\n<p>&nbsp;<\/p>\n<div class=\"\"><strong>Registrierung<\/strong><\/div>\n<p>Registriere dich\u00a0bei <em>mein<\/em>Siggi Bielefeld oder einer anderen Untermarke von nextbike. Verkn\u00fcpfe dich im Kundenkonto unter &#8222;Partner&#8220; mit deiner jeweiligen studentischen ID.<\/p>\n<p>Solltest du bereits registriert sein, ist keine Neuregistrierung n\u00f6tig. Du kannst dein bestehendes Konto \u00fcber die Partnerwahl ebenfalls verkn\u00fcpfen.<\/p>\n<p>&nbsp;<\/p>\n<p><strong>Konditionen<\/strong><br \/>\nBei jeder Ausleihe sind die\u00a0<strong>ersten 60 Minuten kostenlos.\u00a0<\/strong>Bei einer Fahrtzeit von \u00fcber 60 Minuten werden f\u00fcr alle weiteren 30 Minuten\u00a01 \u20ac f\u00e4llig. Der Tagesh\u00f6chstsatz betr\u00e4gt\u00a010 \u20ac. Bei Ausleihen zwischen 18 Uhr und 9 Uhr des Folgetages gilt der Nachttarif von maximal 3 \u20ac.\u00a0 Es k\u00f6nnen bis zu vier R\u00e4der gleichzeitig auf einen Account ausgeliehen werden, die Verg\u00fcnstigung gilt f\u00fcr das erste Rad. F\u00fcr weitere R\u00e4der gilt der\u00a0Basistarif. Die Sonderkonditionen gelten in Bielefeld. In anderen nextbike-Systemen f\u00e4llt der lokale Basistarif an.<\/p>\n<p>E-Cargobikes und e-Bikes sind von der Verg\u00fcnstigung ausgeschlossen.[\/vc_column_text][\/vc_column][\/vc_row]<\/p>\n<\/div>","protected":false},"excerpt":{"rendered":"<p>[vc_row][vc_column][vc_column_text] CAMPUSbike &nbsp; Studierende der Uni Bielefeld sowie der HSBI Bielefeld radeln g\u00fcnstiger! &nbsp; Registrierung Registriere dich\u00a0bei meinSiggi Bielefeld oder einer anderen Untermarke von nextbike. Verkn\u00fcpfe dich im Kundenkonto unter &#8222;Partner&#8220; mit deiner jeweiligen studentischen ID. Solltest du bereits registriert sein, ist keine Neuregistrierung n\u00f6tig. Du kannst dein bestehendes Konto \u00fcber die Partnerwahl ebenfalls verkn\u00fcpfen. [&hellip;]<\/p>\n","protected":false},"author":12,"featured_media":0,"parent":0,"menu_order":0,"comment_status":"closed","ping_status":"closed","template":"page-bubble.php","meta":{"_acf_changed":false,"inline_featured_image":false,"footnotes":""},"class_list":["post-123","page","type-page","status-publish","hentry"],"acf":[],"yoast_head":"<!-- This site is optimized with the Yoast SEO plugin v27.2 - https:\/\/yoast.com\/product\/yoast-seo-wordpress\/ -->\n<title>meinSiggi CAMPUSbike Bielefeld<\/title>\n<meta name=\"description\" content=\"Studierende der Uni Bielefeld sowie der FH Bielefeld radeln g\u00fcnstiger. Jetzt verkn\u00fcpfen und 60 Freiminuten pro Ausleihe sichern.\" \/>\n<meta name=\"robots\" content=\"index, follow, max-snippet:-1, max-image-preview:large, max-video-preview:-1\" \/>\n<link rel=\"canonical\" href=\"https:\/\/www.nextbike.de\/bielefeld\/de\/campusbike\/\" \/>\n<meta property=\"og:locale\" content=\"de_DE\" \/>\n<meta property=\"og:type\" content=\"article\" \/>\n<meta property=\"og:title\" content=\"meinSiggi CAMPUSbike Bielefeld\" \/>\n<meta property=\"og:description\" content=\"Studierende der Uni Bielefeld sowie der FH Bielefeld radeln g\u00fcnstiger. Jetzt verkn\u00fcpfen und 60 Freiminuten pro Ausleihe sichern.\" \/>\n<meta property=\"og:url\" content=\"https:\/\/www.nextbike.de\/bielefeld\/de\/campusbike\/\" \/>\n<meta property=\"og:site_name\" content=\"meinSiggi - Bielefeld\" \/>\n<meta property=\"article:modified_time\" content=\"2023-07-06T10:02:05+00:00\" \/>\n<meta name=\"twitter:card\" content=\"summary_large_image\" \/>\n<meta name=\"twitter:label1\" content=\"Gesch\u00e4tzte Lesezeit\" \/>\n\t<meta name=\"twitter:data1\" content=\"1\u00a0Minute\" \/>\n<script type=\"application\/ld+json\" class=\"yoast-schema-graph\">{\"@context\":\"https:\/\/schema.org\",\"@graph\":[{\"@type\":\"WebPage\",\"@id\":\"https:\/\/www.nextbike.de\/bielefeld\/de\/campusbike\/\",\"url\":\"https:\/\/www.nextbike.de\/bielefeld\/de\/campusbike\/\",\"name\":\"meinSiggi CAMPUSbike Bielefeld\",\"isPartOf\":{\"@id\":\"https:\/\/www.nextbike.de\/bielefeld\/de\/#website\"},\"datePublished\":\"2022-10-07T11:33:11+00:00\",\"dateModified\":\"2023-07-06T10:02:05+00:00\",\"description\":\"Studierende der Uni Bielefeld sowie der FH Bielefeld radeln g\u00fcnstiger. Jetzt verkn\u00fcpfen und 60 Freiminuten pro Ausleihe sichern.\",\"breadcrumb\":{\"@id\":\"https:\/\/www.nextbike.de\/bielefeld\/de\/campusbike\/#breadcrumb\"},\"inLanguage\":\"de\",\"potentialAction\":[{\"@type\":\"ReadAction\",\"target\":[\"https:\/\/www.nextbike.de\/bielefeld\/de\/campusbike\/\"]}]},{\"@type\":\"BreadcrumbList\",\"@id\":\"https:\/\/www.nextbike.de\/bielefeld\/de\/campusbike\/#breadcrumb\",\"itemListElement\":[{\"@type\":\"ListItem\",\"position\":1,\"name\":\"Startseite\",\"item\":\"https:\/\/www.nextbike.de\/bielefeld\/de\/\"},{\"@type\":\"ListItem\",\"position\":2,\"name\":\"CAMPUSbike\"}]},{\"@type\":\"WebSite\",\"@id\":\"https:\/\/www.nextbike.de\/bielefeld\/de\/#website\",\"url\":\"https:\/\/www.nextbike.de\/bielefeld\/de\/\",\"name\":\"meinSiggi - Bielefeld\",\"description\":\"App downloaden und meinSiggi in Bielefeld fahren!\",\"potentialAction\":[{\"@type\":\"SearchAction\",\"target\":{\"@type\":\"EntryPoint\",\"urlTemplate\":\"https:\/\/www.nextbike.de\/bielefeld\/de\/?s={search_term_string}\"},\"query-input\":{\"@type\":\"PropertyValueSpecification\",\"valueRequired\":true,\"valueName\":\"search_term_string\"}}],\"inLanguage\":\"de\"}]}<\/script>\n<!-- \/ Yoast SEO plugin. -->","yoast_head_json":{"title":"meinSiggi CAMPUSbike Bielefeld","description":"Studierende der Uni Bielefeld sowie der FH Bielefeld radeln g\u00fcnstiger. Jetzt verkn\u00fcpfen und 60 Freiminuten pro Ausleihe sichern.","robots":{"index":"index","follow":"follow","max-snippet":"max-snippet:-1","max-image-preview":"max-image-preview:large","max-video-preview":"max-video-preview:-1"},"canonical":"https:\/\/www.nextbike.de\/bielefeld\/de\/campusbike\/","og_locale":"de_DE","og_type":"article","og_title":"meinSiggi CAMPUSbike Bielefeld","og_description":"Studierende der Uni Bielefeld sowie der FH Bielefeld radeln g\u00fcnstiger. Jetzt verkn\u00fcpfen und 60 Freiminuten pro Ausleihe sichern.","og_url":"https:\/\/www.nextbike.de\/bielefeld\/de\/campusbike\/","og_site_name":"meinSiggi - Bielefeld","article_modified_time":"2023-07-06T10:02:05+00:00","twitter_card":"summary_large_image","twitter_misc":{"Gesch\u00e4tzte Lesezeit":"1\u00a0Minute"},"schema":{"@context":"https:\/\/schema.org","@graph":[{"@type":"WebPage","@id":"https:\/\/www.nextbike.de\/bielefeld\/de\/campusbike\/","url":"https:\/\/www.nextbike.de\/bielefeld\/de\/campusbike\/","name":"meinSiggi CAMPUSbike Bielefeld","isPartOf":{"@id":"https:\/\/www.nextbike.de\/bielefeld\/de\/#website"},"datePublished":"2022-10-07T11:33:11+00:00","dateModified":"2023-07-06T10:02:05+00:00","description":"Studierende der Uni Bielefeld sowie der FH Bielefeld radeln g\u00fcnstiger. Jetzt verkn\u00fcpfen und 60 Freiminuten pro Ausleihe sichern.","breadcrumb":{"@id":"https:\/\/www.nextbike.de\/bielefeld\/de\/campusbike\/#breadcrumb"},"inLanguage":"de","potentialAction":[{"@type":"ReadAction","target":["https:\/\/www.nextbike.de\/bielefeld\/de\/campusbike\/"]}]},{"@type":"BreadcrumbList","@id":"https:\/\/www.nextbike.de\/bielefeld\/de\/campusbike\/#breadcrumb","itemListElement":[{"@type":"ListItem","position":1,"name":"Startseite","item":"https:\/\/www.nextbike.de\/bielefeld\/de\/"},{"@type":"ListItem","position":2,"name":"CAMPUSbike"}]},{"@type":"WebSite","@id":"https:\/\/www.nextbike.de\/bielefeld\/de\/#website","url":"https:\/\/www.nextbike.de\/bielefeld\/de\/","name":"meinSiggi - Bielefeld","description":"App downloaden und meinSiggi in Bielefeld fahren!","potentialAction":[{"@type":"SearchAction","target":{"@type":"EntryPoint","urlTemplate":"https:\/\/www.nextbike.de\/bielefeld\/de\/?s={search_term_string}"},"query-input":{"@type":"PropertyValueSpecification","valueRequired":true,"valueName":"search_term_string"}}],"inLanguage":"de"}]}},"_links":{"self":[{"href":"https:\/\/www.nextbike.de\/bielefeld\/de\/wp-json\/wp\/v2\/pages\/123","targetHints":{"allow":["GET"]}}],"collection":[{"href":"https:\/\/www.nextbike.de\/bielefeld\/de\/wp-json\/wp\/v2\/pages"}],"about":[{"href":"https:\/\/www.nextbike.de\/bielefeld\/de\/wp-json\/wp\/v2\/types\/page"}],"author":[{"embeddable":true,"href":"https:\/\/www.nextbike.de\/bielefeld\/de\/wp-json\/wp\/v2\/users\/12"}],"replies":[{"embeddable":true,"href":"https:\/\/www.nextbike.de\/bielefeld\/de\/wp-json\/wp\/v2\/comments?post=123"}],"version-history":[{"count":5,"href":"https:\/\/www.nextbike.de\/bielefeld\/de\/wp-json\/wp\/v2\/pages\/123\/revisions"}],"predecessor-version":[{"id":240,"href":"https:\/\/www.nextbike.de\/bielefeld\/de\/wp-json\/wp\/v2\/pages\/123\/revisions\/240"}],"wp:attachment":[{"href":"https:\/\/www.nextbike.de\/bielefeld\/de\/wp-json\/wp\/v2\/media?parent=123"}],"curies":[{"name":"wp","href":"https:\/\/api.w.org\/{rel}","templated":true}]}}