{"id":169,"date":"2023-02-01T12:07:08","date_gmt":"2023-02-01T11:07:08","guid":{"rendered":"https:\/\/nextbike-live.pluspol-networks.de\/berlin\/?page_id=169"},"modified":"2026-01-20T16:48:52","modified_gmt":"2026-01-20T15:48:52","slug":"partner","status":"publish","type":"page","link":"https:\/\/www.nextbike.de\/berlin\/de\/partner\/","title":{"rendered":"Partner"},"content":{"rendered":"<div class=\"wpb-content-wrapper\"><p>[vc_row][vc_column width=&#8220;2\/3&#8243;][vc_column_text css=&#8220;&#8220;]<\/p>\n<div class=\" component\">\n<div class=\"row\">\n<div class=\"col-xs-12 html-content\">\n<h2>EDEKA<\/h2>\n<p>Nachhaltig einkaufen und bewegen? Das geht in Berlin ab sofort mit EDEKA und nextbike noch besser. Wir \u2013 EDEKA in Berlin \u2013 kooperieren mit dem Betreiber von Fahrradverleihsystemen, weil uns Sport, gesunde Ern\u00e4hrung und nachhaltiges Handeln am Herzen liegen. Durch die Kooperation erh\u00f6hte EDEKA die Anzahl der Fahrr\u00e4der in Berlin auf 5.000 St\u00fcck. Fahrr\u00e4der stehen \u00fcberall in einer Flexzone innerhalb und au\u00dferhalb des S-Bahn-Rings zur Verf\u00fcgung. Zudem gibt es 2.500 Stationen im gesamten Stadtgebiet. Somit befindet sich immer ein Fahrrad in der N\u00e4he eines jeden EDEKA-Marktes, das dort direkt geliehen und zur\u00fcckgegeben werden kann. Deshalb k\u00f6nnen die Kunden unserer EDEKA-M\u00e4rkte in Berlin nun ihr Auto zuhause stehen lassen. Ab jetzt hei\u00dft es \u201eWir helfen bei Radlosigkeit\u201c.<\/p>\n<p>EDEKA setzt sich schon seit Jahren f\u00fcr das Thema Nachhaltigkeit ein. Zum Beispiel durch Projekte mit dem WWF, energiesparende Technik in und auf unseren M\u00e4rkten, Reduzierung und Vermeidung von Verpackungsm\u00fcll oder das Angebot unserer Mehrwegnetze- und dosen. Aber nicht nur im Markt selbst spielt Nachhaltigkeit eine gro\u00dfe Rolle. Auch der Weg zum Einkauf in deinen EDEKA-Markt und wieder zur\u00fcck ist am besten umweltschonend und mit dem Rad.<\/p>\n<p>Wie funktioniert\u2019s? Registriere dich einfach bei nextbike, die Fahrr\u00e4der k\u00f6nnen dann direkt am Markt geliehen und zur\u00fcckgegeben werden.<\/p>\n<\/div>\n<\/div>\n<\/div>\n<p>[\/vc_column_text][\/vc_column][vc_column width=&#8220;1\/3&#8243; css=&#8220;.vc_custom_1675254028963{margin-top: 80px !important;}&#8220;][vc_single_image image=&#8220;172&#8243; img_size=&#8220;full&#8220; css=&#8220;.vc_custom_1675254047743{margin-right: 50px !important;margin-bottom: 50px !important;margin-left: 50px !important;}&#8220;][\/vc_column][\/vc_row][vc_row disable_element=&#8220;yes&#8220;][vc_column width=&#8220;2\/3&#8243;][vc_column_text]<\/p>\n<h2>VBB \u2013 Verkehrsverbund Berlin-Brandenburg<\/h2>\n<p>Der VBB ist Partner von nextbike by TIER. Mit der VBB-Karte kannst du ganz leicht R\u00e4der in der Hauptstadt ausleihen. Einfach VBB-Karte an den BikeComputer bzw. den Sensor am Hinterrad halten und das Schloss \u00f6ffnet sich.<\/p>\n<p>Du bist noch kein\/e nextbike by TIER Kund*in, hast aber eine VBB-Karte? Halte die VBB-Karte einfach an den BikeComputer und folge den Anweisungen. Du wirst aufgefordert, deine Handynummer einzutippen und zu best\u00e4tigen. Im Anschluss bekommst du eine SMS mit einer 6-stelligen PIN, mit der du das Fahrrad freigegen und das Gabelschloss \u00f6ffnen kannst.<\/p>\n<p>Vor deiner zweiten Fahrt musst du dich \u00fcber die nextbike by TIER App oder unter <a href=\"https:\/\/www.nextbike.de\/de\/berlin\/\">nextbike.de\/berlin<\/a>\u00a0mit deiner Handynummer und der zugeschickten PIN einloggen und deinen Account verifizieren.<\/p>\n<p>Du hast bereits ein nextbike by TIER Konto? Um die VBB-Karte mit deinem Konto zu verkn\u00fcpfen, halte deine VBB-Karte einfach einmalig an den BikeComputer und folge den Anweisungen. Du wirst aufgefordert, deine Handynummer einzutippen, um deine Kundenkonten miteinander zu verkn\u00fcpfen.[\/vc_column_text][\/vc_column][vc_column width=&#8220;1\/3&#8243; css=&#8220;.vc_custom_1675254106055{margin-top: 80px !important;}&#8220;][vc_single_image image=&#8220;178&#8243; img_size=&#8220;full&#8220; css=&#8220;.vc_custom_1675254116912{margin-right: 50px !important;margin-bottom: 50px !important;margin-left: 50px !important;}&#8220;][\/vc_column][\/vc_row][vc_row css=&#8220;.vc_custom_1675254567061{margin-top: 80px !important;}&#8220;][vc_column width=&#8220;2\/3&#8243;][vc_column_text css=&#8220;&#8220;]<\/p>\n<h2>Jelbi<\/h2>\n<p><a href=\"https:\/\/www.jelbi.de\/\" target=\"_blank\" rel=\"noopener noreferrer\">Jelbi<\/a> ist ein B\u00fcndnis f\u00fcr die Mobilit\u00e4t von morgen. Hier haben sich mehr als zwei Dutzend Sharing-Anbieter und \u00d6PNV-Partner, darunter auch nextbike, verb\u00fcndet, um eine neue Mobilit\u00e4t zu erproben \u2013 zusammen mit den Fl\u00e4chenpartnern Apcoa und Gewobag und dem Technikpartner Trafi. Wir erproben das \u201eJelbi-Prinzip\u201c als Forschungs- und Entwicklungskooperation bis Ende 2021.<\/p>\n<p>Die\u00a0Jelbi-App bietet die zahlreichen Mobilit\u00e4tsangebote von der Fahrtauskunft \u00fcber die Reservierung bis hin zur Bezahlung an. Nur noch einmal registrieren. Alles in einer App.<\/p>\n<p>Deine Fahrt zu buchen, ist ganz einfach: Jelbi-App auf Dein Smartphone runterladen, rasch anmelden und los geht\u2019s: Entweder Ziel eingeben und Verbindungen vergleichen. Oder auf der Karte Haltestellen und Fahrzeuge in der N\u00e4he finden. Direkt buchen und sofort losfahren.<\/p>\n<p>Die\u00a0Jelbi-Stationen bringen die Sharing-Angebote an die S+U-Bahnh\u00f6fe. Egal ob Auto, R\u00e4der oder Roller: Hier kannst du Fahrzeuge mieten, abgeben oder aufladen. Jelbi-Stationen sind auch Haltepunkte f\u00fcr Taxis und On-Demand-Shuttles. Alles auf einer Station.[\/vc_column_text][\/vc_column][vc_column width=&#8220;1\/3&#8243;][vc_single_image image=&#8220;176&#8243; img_size=&#8220;full&#8220; css=&#8220;.vc_custom_1675254577195{margin-top: 50px !important;margin-right: 50px !important;margin-bottom: 50px !important;margin-left: 50px !important;}&#8220;][\/vc_column][\/vc_row][vc_row css=&#8220;.vc_custom_1675254820589{margin-top: 80px !important;}&#8220;][vc_column width=&#8220;2\/3&#8243;][vc_column_text css=&#8220;&#8220;]<\/p>\n<h2>Campus Berlin-Buch<\/h2>\n<p>Mitarbeiter*innen des Campus Berlin-Buch sowie des Helios-Klinikums Berlin-Buch genie\u00dfen 30 Freiminuten pro Ausleihe von Standardr\u00e4dern in ganz Deutschland (au\u00dfer Bremen, N\u00fcrnberg, Oldenburg und auf Usedom). Um die Vorteile nutzen zu k\u00f6nnen, verkn\u00fcpft euch in der nextbike App unter &#8222;Wallet&#8220; mit dem Partner &#8222;Campus Berlin-Buch&#8220;.[\/vc_column_text][\/vc_column][vc_column width=&#8220;1\/3&#8243;][vc_single_image image=&#8220;170&#8243; img_size=&#8220;full&#8220; css=&#8220;.vc_custom_1675254845088{margin-top: 50px !important;margin-right: 50px !important;margin-left: 50px !important;}&#8220;][vc_single_image image=&#8220;174&#8243; img_size=&#8220;full&#8220; css=&#8220;.vc_custom_1675254816190{margin-right: 50px !important;margin-left: 50px !important;}&#8220;][\/vc_column][\/vc_row]<\/p>\n<\/div>","protected":false},"excerpt":{"rendered":"<p>[vc_row][vc_column width=&#8220;2\/3&#8243;][vc_column_text css=&#8220;&#8220;] EDEKA Nachhaltig einkaufen und bewegen? Das geht in Berlin ab sofort mit EDEKA und nextbike noch besser. Wir \u2013 EDEKA in Berlin \u2013 kooperieren mit dem Betreiber von Fahrradverleihsystemen, weil uns Sport, gesunde Ern\u00e4hrung und nachhaltiges Handeln am Herzen liegen. Durch die Kooperation erh\u00f6hte EDEKA die Anzahl der Fahrr\u00e4der in Berlin auf [&hellip;]<\/p>\n","protected":false},"author":13,"featured_media":0,"parent":0,"menu_order":0,"comment_status":"closed","ping_status":"closed","template":"page-bubble.php","meta":{"_acf_changed":false,"inline_featured_image":false,"footnotes":""},"class_list":["post-169","page","type-page","status-publish","hentry"],"acf":[],"yoast_head":"<!-- This site is optimized with the Yoast SEO plugin v27.2 - https:\/\/yoast.com\/product\/yoast-seo-wordpress\/ -->\n<title>Partner - nextbike Berlin<\/title>\n<meta name=\"robots\" content=\"index, follow, max-snippet:-1, max-image-preview:large, max-video-preview:-1\" \/>\n<link rel=\"canonical\" href=\"https:\/\/www.nextbike.de\/berlin\/de\/partner\/\" \/>\n<meta property=\"og:locale\" content=\"de_DE\" \/>\n<meta property=\"og:type\" content=\"article\" \/>\n<meta property=\"og:title\" content=\"Partner - nextbike Berlin\" \/>\n<meta property=\"og:description\" content=\"[vc_row][vc_column width=&#8220;2\/3&#8243;][vc_column_text css=&#8220;&#8220;] EDEKA Nachhaltig einkaufen und bewegen? Das geht in Berlin ab sofort mit EDEKA und nextbike noch besser. Wir \u2013 EDEKA in Berlin \u2013 kooperieren mit dem Betreiber von Fahrradverleihsystemen, weil uns Sport, gesunde Ern\u00e4hrung und nachhaltiges Handeln am Herzen liegen. Durch die Kooperation erh\u00f6hte EDEKA die Anzahl der Fahrr\u00e4der in Berlin auf [&hellip;]\" \/>\n<meta property=\"og:url\" content=\"https:\/\/www.nextbike.de\/berlin\/de\/partner\/\" \/>\n<meta property=\"og:site_name\" content=\"nextbike Berlin\" \/>\n<meta property=\"article:modified_time\" content=\"2026-01-20T15:48:52+00:00\" \/>\n<meta name=\"twitter:card\" content=\"summary_large_image\" \/>\n<meta name=\"twitter:label1\" content=\"Gesch\u00e4tzte Lesezeit\" \/>\n\t<meta name=\"twitter:data1\" content=\"5\u00a0Minuten\" \/>\n<script type=\"application\/ld+json\" class=\"yoast-schema-graph\">{\"@context\":\"https:\/\/schema.org\",\"@graph\":[{\"@type\":\"WebPage\",\"@id\":\"https:\/\/www.nextbike.de\/berlin\/de\/partner\/\",\"url\":\"https:\/\/www.nextbike.de\/berlin\/de\/partner\/\",\"name\":\"Partner - nextbike Berlin\",\"isPartOf\":{\"@id\":\"https:\/\/www.nextbike.de\/berlin\/de\/#website\"},\"datePublished\":\"2023-02-01T11:07:08+00:00\",\"dateModified\":\"2026-01-20T15:48:52+00:00\",\"breadcrumb\":{\"@id\":\"https:\/\/www.nextbike.de\/berlin\/de\/partner\/#breadcrumb\"},\"inLanguage\":\"de\",\"potentialAction\":[{\"@type\":\"ReadAction\",\"target\":[\"https:\/\/www.nextbike.de\/berlin\/de\/partner\/\"]}]},{\"@type\":\"BreadcrumbList\",\"@id\":\"https:\/\/www.nextbike.de\/berlin\/de\/partner\/#breadcrumb\",\"itemListElement\":[{\"@type\":\"ListItem\",\"position\":1,\"name\":\"Startseite\",\"item\":\"https:\/\/www.nextbike.de\/berlin\/de\/\"},{\"@type\":\"ListItem\",\"position\":2,\"name\":\"Partner\"}]},{\"@type\":\"WebSite\",\"@id\":\"https:\/\/www.nextbike.de\/berlin\/de\/#website\",\"url\":\"https:\/\/www.nextbike.de\/berlin\/de\/\",\"name\":\"nextbike Berlin\",\"description\":\"Jetzt Fahrrad in Berlin mieten.\",\"potentialAction\":[{\"@type\":\"SearchAction\",\"target\":{\"@type\":\"EntryPoint\",\"urlTemplate\":\"https:\/\/www.nextbike.de\/berlin\/de\/?s={search_term_string}\"},\"query-input\":{\"@type\":\"PropertyValueSpecification\",\"valueRequired\":true,\"valueName\":\"search_term_string\"}}],\"inLanguage\":\"de\"}]}<\/script>\n<!-- \/ Yoast SEO plugin. -->","yoast_head_json":{"title":"Partner - nextbike Berlin","robots":{"index":"index","follow":"follow","max-snippet":"max-snippet:-1","max-image-preview":"max-image-preview:large","max-video-preview":"max-video-preview:-1"},"canonical":"https:\/\/www.nextbike.de\/berlin\/de\/partner\/","og_locale":"de_DE","og_type":"article","og_title":"Partner - nextbike Berlin","og_description":"[vc_row][vc_column width=&#8220;2\/3&#8243;][vc_column_text css=&#8220;&#8220;] EDEKA Nachhaltig einkaufen und bewegen? Das geht in Berlin ab sofort mit EDEKA und nextbike noch besser. Wir \u2013 EDEKA in Berlin \u2013 kooperieren mit dem Betreiber von Fahrradverleihsystemen, weil uns Sport, gesunde Ern\u00e4hrung und nachhaltiges Handeln am Herzen liegen. Durch die Kooperation erh\u00f6hte EDEKA die Anzahl der Fahrr\u00e4der in Berlin auf [&hellip;]","og_url":"https:\/\/www.nextbike.de\/berlin\/de\/partner\/","og_site_name":"nextbike Berlin","article_modified_time":"2026-01-20T15:48:52+00:00","twitter_card":"summary_large_image","twitter_misc":{"Gesch\u00e4tzte Lesezeit":"5\u00a0Minuten"},"schema":{"@context":"https:\/\/schema.org","@graph":[{"@type":"WebPage","@id":"https:\/\/www.nextbike.de\/berlin\/de\/partner\/","url":"https:\/\/www.nextbike.de\/berlin\/de\/partner\/","name":"Partner - nextbike Berlin","isPartOf":{"@id":"https:\/\/www.nextbike.de\/berlin\/de\/#website"},"datePublished":"2023-02-01T11:07:08+00:00","dateModified":"2026-01-20T15:48:52+00:00","breadcrumb":{"@id":"https:\/\/www.nextbike.de\/berlin\/de\/partner\/#breadcrumb"},"inLanguage":"de","potentialAction":[{"@type":"ReadAction","target":["https:\/\/www.nextbike.de\/berlin\/de\/partner\/"]}]},{"@type":"BreadcrumbList","@id":"https:\/\/www.nextbike.de\/berlin\/de\/partner\/#breadcrumb","itemListElement":[{"@type":"ListItem","position":1,"name":"Startseite","item":"https:\/\/www.nextbike.de\/berlin\/de\/"},{"@type":"ListItem","position":2,"name":"Partner"}]},{"@type":"WebSite","@id":"https:\/\/www.nextbike.de\/berlin\/de\/#website","url":"https:\/\/www.nextbike.de\/berlin\/de\/","name":"nextbike Berlin","description":"Jetzt Fahrrad in Berlin mieten.","potentialAction":[{"@type":"SearchAction","target":{"@type":"EntryPoint","urlTemplate":"https:\/\/www.nextbike.de\/berlin\/de\/?s={search_term_string}"},"query-input":{"@type":"PropertyValueSpecification","valueRequired":true,"valueName":"search_term_string"}}],"inLanguage":"de"}]}},"_links":{"self":[{"href":"https:\/\/www.nextbike.de\/berlin\/de\/wp-json\/wp\/v2\/pages\/169","targetHints":{"allow":["GET"]}}],"collection":[{"href":"https:\/\/www.nextbike.de\/berlin\/de\/wp-json\/wp\/v2\/pages"}],"about":[{"href":"https:\/\/www.nextbike.de\/berlin\/de\/wp-json\/wp\/v2\/types\/page"}],"author":[{"embeddable":true,"href":"https:\/\/www.nextbike.de\/berlin\/de\/wp-json\/wp\/v2\/users\/13"}],"replies":[{"embeddable":true,"href":"https:\/\/www.nextbike.de\/berlin\/de\/wp-json\/wp\/v2\/comments?post=169"}],"version-history":[{"count":9,"href":"https:\/\/www.nextbike.de\/berlin\/de\/wp-json\/wp\/v2\/pages\/169\/revisions"}],"predecessor-version":[{"id":438,"href":"https:\/\/www.nextbike.de\/berlin\/de\/wp-json\/wp\/v2\/pages\/169\/revisions\/438"}],"wp:attachment":[{"href":"https:\/\/www.nextbike.de\/berlin\/de\/wp-json\/wp\/v2\/media?parent=169"}],"curies":[{"name":"wp","href":"https:\/\/api.w.org\/{rel}","templated":true}]}}