{"id":148,"date":"2022-12-15T16:19:08","date_gmt":"2022-12-15T15:19:08","guid":{"rendered":"https:\/\/nextbike-live.pluspol-networks.de\/berlin\/?page_id=148"},"modified":"2025-10-27T11:24:07","modified_gmt":"2025-10-27T10:24:07","slug":"campusbike","status":"publish","type":"page","link":"https:\/\/www.nextbike.de\/berlin\/de\/campusbike\/","title":{"rendered":"Campusbike"},"content":{"rendered":"<div class=\"wpb-content-wrapper\"><p>[vc_row][vc_column][vc_column_text css=&#8220;&#8220;]<\/p>\n<h2>Studierende Berliner Unis und FHs radeln g\u00fcnstiger!<\/h2>\n<p>&nbsp;<\/p>\n<p>In Zusammenarbeit mit der TU Berlin und dem Zentrum f\u00fcr Technik und Gesellschaft k\u00f6nnen wir Berliner Studierenden ausgew\u00e4hlter Unis und Hochschulen verg\u00fcnstigte Konditionen f\u00fcr die Leihe unserer R\u00e4der anbieten. Schau nach, ob deine Uni \/ Hochschule dabei ist, verkn\u00fcpfe dein Konto und w\u00e4hle im Wallet den Tarif deiner Wahl.<\/p>\n<p>Dauerhaft steht euch der\u00a0<strong>CampusBike Berlin Monatspass <\/strong>f\u00fcr 7 \u20ac zur Verf\u00fcgung.[\/vc_column_text][\/vc_column][\/vc_row][vc_row ppi_row_padding=&#8220;ppi_remove_padding_top&#8220;][vc_column width=&#8220;1\/2&#8243;][vc_tta_accordion active_section=&#8220;0&#8243; collapsible_all=&#8220;true&#8220;][vc_tta_section title=&#8220;Teilnehmende Universit\u00e4ten und Hochschulen&#8220; tab_id=&#8220;campusbike-hochschulen&#8220;][vc_column_text css=&#8220;&#8220;]<\/p>\n<ul class=\"ak-ul\" data-indent-level=\"1\">\n<li>\n<p data-renderer-start-pos=\"481\">Freie Universit\u00e4t Berlin (FU)<\/p>\n<\/li>\n<li>\n<p data-renderer-start-pos=\"553\">Technische Universit\u00e4t Berlin (TU)<\/p>\n<\/li>\n<li>\n<p data-renderer-start-pos=\"645\">Berliner Hochschule f\u00fcr Technik (BHT)<\/p>\n<\/li>\n<li>\n<p data-renderer-start-pos=\"738\">Steinbeis-Hochschule Berlin (Steinbeis)<\/p>\n<\/li>\n<li>\n<p data-renderer-start-pos=\"781\">Alice Salomon Hochschule Berlin (ASH)<\/p>\n<\/li>\n<li>\n<p data-renderer-start-pos=\"822\">Universit\u00e4t der K\u00fcnste Berlin (UDK)<\/p>\n<\/li>\n<li>\n<p data-renderer-start-pos=\"861\">Medical School Berlin (MSB)<\/p>\n<\/li>\n<li>\n<p data-renderer-start-pos=\"892\">SRH Berlin University of Applied Sciences (SRH)<\/p>\n<\/li>\n<li>\n<p data-renderer-start-pos=\"981\">Wei\u00dfensee\u00a0Kunsthochschule Berlin (KH Berlin)<\/p>\n<\/li>\n<\/ul>\n<ul class=\"ak-ul\" data-indent-level=\"1\">\n<li>\n<p data-renderer-start-pos=\"1057\">European School of Management and Technology Berlin (ESMT)<\/p>\n<\/li>\n<li>\n<p data-renderer-start-pos=\"1119\">Hochschule f\u00fcr Musik Berlin (HFM)<\/p>\n<\/li>\n<li>\n<p data-renderer-start-pos=\"1156\">Berlin International University of Applied Sciences (Berlin International)<\/p>\n<\/li>\n<li>\n<p data-renderer-start-pos=\"1234\">Hochschule f\u00fcr angewandte P\u00e4dagogik (HSAP)<\/p>\n<\/li>\n<li>\n<p data-renderer-start-pos=\"1280\">Bard College Berlin (Bard)<\/p>\n<\/li>\n<\/ul>\n<ul class=\"ak-ul\" data-indent-level=\"1\">\n<li>\n<p data-renderer-start-pos=\"1305\">FernUniversit\u00e4t Hagen<\/p>\n<p data-renderer-start-pos=\"1305\">\n<\/li>\n<\/ul>\n<p><strong>CAMPUSbike mit individuellen Konditionen:<\/strong><\/p>\n<ul class=\"ak-ul\" data-indent-level=\"1\">\n<li>\n<p data-renderer-start-pos=\"1280\"><u><a href=\"#escp\">ESCP Business School Europe (ESCP)<\/a><\/u><\/p>\n<\/li>\n<\/ul>\n<ul class=\"ak-ul\" data-indent-level=\"1\">\n<li>\n<p data-renderer-start-pos=\"1305\"><u><a href=\"#hertie\">Hertie School (Hertie) &#8211; Testbetrieb<\/a><\/u><\/p>\n<\/li>\n<li><u><a href=\"#hfs\">Hochschule f\u00fcr Schauspielkunst Ernst Busch (HfS) &#8211; Testbetrieb<\/a><\/u><\/li>\n<li>\n<p data-renderer-start-pos=\"259\"><u><a href=\"#htw\">Hochschule f\u00fcr Technik und Wirtschaft Berlin (HTW)<\/a><\/u><\/p>\n<\/li>\n<\/ul>\n<p>[\/vc_column_text][\/vc_tta_section][vc_tta_section title=&#8220;CAMPUSbike Berlin Monatspass&#8220; tab_id=&#8220;campusbike-berlin-monatspass&#8220;][vc_column_text css=&#8220;&#8220;]<\/p>\n<ul>\n<li>7 \u20ac \/ Monat<\/li>\n<li>Laufzeit: jeweils 31 Tage, automatische Verl\u00e4ngerung<\/li>\n<li>Bei jeder Ausleihe<strong> in Berlin<\/strong> sind die\u00a0<strong>ersten 30 Minuten gratis<\/strong>.<\/li>\n<li>Bei einer Fahrtzeit von \u00fcber 30 Minuten wird f\u00fcr alle weiteren 30 Minuten 1 \u20ac f\u00e4llig.<\/li>\n<li>Der Tagesh\u00f6chstsatz betr\u00e4gt 15,00 \u20ac.<\/li>\n<li>R\u00fcckgabegeb\u00fchren fallen weiterhin an.<\/li>\n<li>Die Verg\u00fcnstigung gilt bei mehreren parallelen Ausleihen nur f\u00fcr ein Fahrrad. F\u00fcr weitere R\u00e4der gilt der Berliner <a href=\"https:\/\/www.nextbike.de\/berlin\/#tarife\/\">Basistarif<\/a>.<\/li>\n<\/ul>\n<p>[\/vc_column_text][\/vc_tta_section][\/vc_tta_accordion][\/vc_column][vc_column width=&#8220;1\/2&#8243;][vc_tta_accordion active_section=&#8220;0&#8243; collapsible_all=&#8220;true&#8220;][vc_tta_section title=&#8220;Registrierung&#8220; tab_id=&#8220;campusbike-registrierung&#8220;][vc_column_text]Registriere dich per App oder Webseite mit deiner Uni- oder Hochschul-Emailadresse. An die E-Mail-Adresse wird ein Best\u00e4tigungslink gesendet, die Freischaltung erfolgt nach der Verifizierung automatisch.\u00a0 Danach stehen dir im Wallet deiner App die studentischen Tarife zur Verf\u00fcgung.<\/p>\n<p>Du bist bereits bei nextbike Berlin registriert, aber nicht mit deiner Uni-E-Mail-Adresse? Hinterlege deine Uni-E-Mail-Adresse in deinem Kundenkonto und best\u00e4tige den an diese Adresse gesendeten Link.[\/vc_column_text][\/vc_tta_section][vc_tta_section title=&#8220;ESCP Berlin&#8220; tab_id=&#8220;escp&#8220;][vc_column_text css=&#8220;&#8220;]<\/p>\n<ul>\n<li>Laufzeit bis 31.12.2026<\/li>\n<li>60 Freiminuten je Fahrt mit einem Standardrad in Deutschland*<\/li>\n<li>danach 1 \u20ac je 30 min, 15 \u20ac \/ 24h<\/li>\n<li>e-Bikes und (e-)Cargobikes sind von der Verg\u00fcnstigung ausgeschlossen<\/li>\n<li>Tarifname im Wallet: \u201cCAMPUSbike ESCP\u201d<\/li>\n<li>der Tarif steht verkn\u00fcpften Studierenden kostenfrei zur Verf\u00fcgung<\/li>\n<\/ul>\n<p>* au\u00dfer Bremen, Usedom, N\u00fcrnberg, Oldenburg[\/vc_column_text][\/vc_tta_section][vc_tta_section title=&#8220;Hertie School&#8220; tab_id=&#8220;hertie&#8220;][vc_column_text css=&#8220;&#8220;]<\/p>\n<ul>\n<li>Laufzeit bis 28.02.2026<\/li>\n<li>60 Freiminuten je Fahrt mit einem Standardrad in Deutschland*<\/li>\n<li>danach 1 \u20ac je 30 min, 15 \u20ac \/ 24h<\/li>\n<li>e-Bikes und (e-)Cargobikes sind von der Verg\u00fcnstigung ausgeschlossen<\/li>\n<li>Tarifname im Wallet: \u201cCAMPUSbike Hertie School\u201d<\/li>\n<li>der Tarif steht verkn\u00fcpften Studierenden kostenfrei zur Verf\u00fcgung<\/li>\n<\/ul>\n<p>* au\u00dfer Bremen, Usedom, N\u00fcrnberg, Oldenburg[\/vc_column_text][\/vc_tta_section][vc_tta_section title=&#8220;Hochschule f\u00fcr Technik &amp; Wirtschaft (HTW)&#8220; tab_id=&#8220;htw&#8220;][vc_column_text css=&#8220;&#8220;]<\/p>\n<ul>\n<li>Laufzeit bis 31.03.2026<\/li>\n<li>45 Freiminuten je Fahrt mit einem Standardrad in Berlin und Brandenburg<\/li>\n<li>danach 1 \u20ac je 30 min, 15 \u20ac \/ 24h<\/li>\n<li>e-Bikes und (e-)Cargobikes sind von der Verg\u00fcnstigung ausgeschlossen<\/li>\n<li>der Tarif steht verkn\u00fcpften Studierenden kostenfrei zur Verf\u00fcgung<\/li>\n<\/ul>\n<p>[\/vc_column_text][\/vc_tta_section][vc_tta_section title=&#8220;Testbetrieb Hochschule f\u00fcr Schauspielkunst Ernst Busch Berlin (HfS)&#8220; tab_id=&#8220;hfs&#8220;][vc_column_text css=&#8220;&#8220;]<\/p>\n<ul>\n<li>Laufzeit bis 31.03.2026<\/li>\n<li>60 Freiminuten je Fahrt mit einem Standardrad in Deutschland*<\/li>\n<li>danach 1 \u20ac je 30 min, 15 \u20ac \/ 24h<\/li>\n<li>Tarifnahme im Wallet: &#8222;CAMPUSbike Hochschule f\u00fcr Wirtschaft und Recht (HWR) Berlin&#8220;<\/li>\n<li>e-Bikes und (e-)Cargobikes sind von der Verg\u00fcnstigung ausgeschlossen<\/li>\n<li>der Tarif steht verkn\u00fcpften Studierenden kostenfrei zur Verf\u00fcgung<\/li>\n<\/ul>\n<p>* au\u00dfer Bremen, Usedom, N\u00fcrnberg, Oldenburg[\/vc_column_text][\/vc_tta_section][vc_tta_section title=&#8220;Testbetrieb Internationale Psychoanalytische Universit\u00e4t Berlin (IPU)&#8220; tab_id=&#8220;1742903207523-1b30d54d-a3f2&#8243;][vc_column_text css=&#8220;&#8220;]<\/p>\n<ul>\n<li><span style=\"font-weight: 400;\">Laufzeit bis 31.03.2026<\/span><\/li>\n<li><span style=\"font-weight: 400;\">60 Freiminuten je Fahrt mit einem Standardrad in Deutschland*<\/span><\/li>\n<li><span style=\"font-weight: 400;\">danach 1 \u20ac je 30 min, 15 \u20ac \/ 24h<\/span><\/li>\n<li><span style=\"font-weight: 400;\">e-Bikes und (e-)Cargobikes sind von der Verg\u00fcnstigung ausgeschlossen<\/span><\/li>\n<li><span style=\"font-weight: 400;\">der Tarif steht verkn\u00fcpften Studierenden kostenfrei zur Verf\u00fcgung<\/span><\/li>\n<\/ul>\n<p>*au\u00dfer Bremen, Usedom, N\u00fcrnberg, Oldenburg[\/vc_column_text][\/vc_tta_section][vc_tta_section title=&#8220;Testbetrieb TH Wildau&#8220; tab_id=&#8220;1761560304162-d7462a95-d725&#8243;][vc_column_text css=&#8220;&#8220;]<\/p>\n<ul>\n<li><span style=\"font-weight: 400;\">Laufzeit 24.10.2025 &#8211; 28.02.2026<\/span><\/li>\n<li><span style=\"font-weight: 400;\">30 Freiminuten je Fahrt mit einem Standardrad in Berlin und Brandenburg<\/span><\/li>\n<li><span style=\"font-weight: 400;\">danach 1 \u20ac je 30 min, 15 \u20ac \/ 24h<\/span><\/li>\n<li><span style=\"font-weight: 400;\">e-Bikes und (e-)Cargobikes sind von der Verg\u00fcnstigung ausgeschlossen<\/span><\/li>\n<li><span style=\"font-weight: 400;\">der Tarif steht verkn\u00fcpften Studierenden kostenfrei zur Verf\u00fcgung<\/span><\/li>\n<\/ul>\n<p>[\/vc_column_text][\/vc_tta_section][\/vc_tta_accordion][\/vc_column][\/vc_row]<\/p>\n<\/div>","protected":false},"excerpt":{"rendered":"<p>[vc_row][vc_column][vc_column_text css=&#8220;&#8220;] Studierende Berliner Unis und FHs radeln g\u00fcnstiger! &nbsp; In Zusammenarbeit mit der TU Berlin und dem Zentrum f\u00fcr Technik und Gesellschaft k\u00f6nnen wir Berliner Studierenden ausgew\u00e4hlter Unis und Hochschulen verg\u00fcnstigte Konditionen f\u00fcr die Leihe unserer R\u00e4der anbieten. Schau nach, ob deine Uni \/ Hochschule dabei ist, verkn\u00fcpfe dein Konto und w\u00e4hle im Wallet [&hellip;]<\/p>\n","protected":false},"author":13,"featured_media":0,"parent":0,"menu_order":0,"comment_status":"closed","ping_status":"closed","template":"page-bubble.php","meta":{"_acf_changed":false,"inline_featured_image":false,"footnotes":""},"class_list":["post-148","page","type-page","status-publish","hentry"],"acf":[],"yoast_head":"<!-- This site is optimized with the Yoast SEO plugin v27.2 - https:\/\/yoast.com\/product\/yoast-seo-wordpress\/ -->\n<title>Campusbike - nextbike Berlin<\/title>\n<meta name=\"description\" content=\"Studierende vieler Universit\u00e4ten und Hochschulen in Berlin radeln g\u00fcnstiger. Jetzt verkn\u00fcpfen und Vorteil sichern.\" \/>\n<meta name=\"robots\" content=\"index, follow, max-snippet:-1, max-image-preview:large, max-video-preview:-1\" \/>\n<link rel=\"canonical\" href=\"https:\/\/www.nextbike.de\/berlin\/de\/campusbike\/\" \/>\n<meta property=\"og:locale\" content=\"de_DE\" \/>\n<meta property=\"og:type\" content=\"article\" \/>\n<meta property=\"og:title\" content=\"Campusbike - nextbike Berlin\" \/>\n<meta property=\"og:description\" content=\"Studierende vieler Universit\u00e4ten und Hochschulen in Berlin radeln g\u00fcnstiger. Jetzt verkn\u00fcpfen und Vorteil sichern.\" \/>\n<meta property=\"og:url\" content=\"https:\/\/www.nextbike.de\/berlin\/de\/campusbike\/\" \/>\n<meta property=\"og:site_name\" content=\"nextbike Berlin\" \/>\n<meta property=\"article:modified_time\" content=\"2025-10-27T10:24:07+00:00\" \/>\n<meta name=\"twitter:card\" content=\"summary_large_image\" \/>\n<meta name=\"twitter:label1\" content=\"Gesch\u00e4tzte Lesezeit\" \/>\n\t<meta name=\"twitter:data1\" content=\"3\u00a0Minuten\" \/>\n<script type=\"application\/ld+json\" class=\"yoast-schema-graph\">{\"@context\":\"https:\/\/schema.org\",\"@graph\":[{\"@type\":\"WebPage\",\"@id\":\"https:\/\/www.nextbike.de\/berlin\/de\/campusbike\/\",\"url\":\"https:\/\/www.nextbike.de\/berlin\/de\/campusbike\/\",\"name\":\"Campusbike - nextbike Berlin\",\"isPartOf\":{\"@id\":\"https:\/\/www.nextbike.de\/berlin\/de\/#website\"},\"datePublished\":\"2022-12-15T15:19:08+00:00\",\"dateModified\":\"2025-10-27T10:24:07+00:00\",\"description\":\"Studierende vieler Universit\u00e4ten und Hochschulen in Berlin radeln g\u00fcnstiger. Jetzt verkn\u00fcpfen und Vorteil sichern.\",\"breadcrumb\":{\"@id\":\"https:\/\/www.nextbike.de\/berlin\/de\/campusbike\/#breadcrumb\"},\"inLanguage\":\"de\",\"potentialAction\":[{\"@type\":\"ReadAction\",\"target\":[\"https:\/\/www.nextbike.de\/berlin\/de\/campusbike\/\"]}]},{\"@type\":\"BreadcrumbList\",\"@id\":\"https:\/\/www.nextbike.de\/berlin\/de\/campusbike\/#breadcrumb\",\"itemListElement\":[{\"@type\":\"ListItem\",\"position\":1,\"name\":\"Startseite\",\"item\":\"https:\/\/www.nextbike.de\/berlin\/de\/\"},{\"@type\":\"ListItem\",\"position\":2,\"name\":\"Campusbike\"}]},{\"@type\":\"WebSite\",\"@id\":\"https:\/\/www.nextbike.de\/berlin\/de\/#website\",\"url\":\"https:\/\/www.nextbike.de\/berlin\/de\/\",\"name\":\"nextbike Berlin\",\"description\":\"Jetzt Fahrrad in Berlin mieten.\",\"potentialAction\":[{\"@type\":\"SearchAction\",\"target\":{\"@type\":\"EntryPoint\",\"urlTemplate\":\"https:\/\/www.nextbike.de\/berlin\/de\/?s={search_term_string}\"},\"query-input\":{\"@type\":\"PropertyValueSpecification\",\"valueRequired\":true,\"valueName\":\"search_term_string\"}}],\"inLanguage\":\"de\"}]}<\/script>\n<!-- \/ Yoast SEO plugin. -->","yoast_head_json":{"title":"Campusbike - nextbike Berlin","description":"Studierende vieler Universit\u00e4ten und Hochschulen in Berlin radeln g\u00fcnstiger. Jetzt verkn\u00fcpfen und Vorteil sichern.","robots":{"index":"index","follow":"follow","max-snippet":"max-snippet:-1","max-image-preview":"max-image-preview:large","max-video-preview":"max-video-preview:-1"},"canonical":"https:\/\/www.nextbike.de\/berlin\/de\/campusbike\/","og_locale":"de_DE","og_type":"article","og_title":"Campusbike - nextbike Berlin","og_description":"Studierende vieler Universit\u00e4ten und Hochschulen in Berlin radeln g\u00fcnstiger. Jetzt verkn\u00fcpfen und Vorteil sichern.","og_url":"https:\/\/www.nextbike.de\/berlin\/de\/campusbike\/","og_site_name":"nextbike Berlin","article_modified_time":"2025-10-27T10:24:07+00:00","twitter_card":"summary_large_image","twitter_misc":{"Gesch\u00e4tzte Lesezeit":"3\u00a0Minuten"},"schema":{"@context":"https:\/\/schema.org","@graph":[{"@type":"WebPage","@id":"https:\/\/www.nextbike.de\/berlin\/de\/campusbike\/","url":"https:\/\/www.nextbike.de\/berlin\/de\/campusbike\/","name":"Campusbike - nextbike Berlin","isPartOf":{"@id":"https:\/\/www.nextbike.de\/berlin\/de\/#website"},"datePublished":"2022-12-15T15:19:08+00:00","dateModified":"2025-10-27T10:24:07+00:00","description":"Studierende vieler Universit\u00e4ten und Hochschulen in Berlin radeln g\u00fcnstiger. Jetzt verkn\u00fcpfen und Vorteil sichern.","breadcrumb":{"@id":"https:\/\/www.nextbike.de\/berlin\/de\/campusbike\/#breadcrumb"},"inLanguage":"de","potentialAction":[{"@type":"ReadAction","target":["https:\/\/www.nextbike.de\/berlin\/de\/campusbike\/"]}]},{"@type":"BreadcrumbList","@id":"https:\/\/www.nextbike.de\/berlin\/de\/campusbike\/#breadcrumb","itemListElement":[{"@type":"ListItem","position":1,"name":"Startseite","item":"https:\/\/www.nextbike.de\/berlin\/de\/"},{"@type":"ListItem","position":2,"name":"Campusbike"}]},{"@type":"WebSite","@id":"https:\/\/www.nextbike.de\/berlin\/de\/#website","url":"https:\/\/www.nextbike.de\/berlin\/de\/","name":"nextbike Berlin","description":"Jetzt Fahrrad in Berlin mieten.","potentialAction":[{"@type":"SearchAction","target":{"@type":"EntryPoint","urlTemplate":"https:\/\/www.nextbike.de\/berlin\/de\/?s={search_term_string}"},"query-input":{"@type":"PropertyValueSpecification","valueRequired":true,"valueName":"search_term_string"}}],"inLanguage":"de"}]}},"_links":{"self":[{"href":"https:\/\/www.nextbike.de\/berlin\/de\/wp-json\/wp\/v2\/pages\/148","targetHints":{"allow":["GET"]}}],"collection":[{"href":"https:\/\/www.nextbike.de\/berlin\/de\/wp-json\/wp\/v2\/pages"}],"about":[{"href":"https:\/\/www.nextbike.de\/berlin\/de\/wp-json\/wp\/v2\/types\/page"}],"author":[{"embeddable":true,"href":"https:\/\/www.nextbike.de\/berlin\/de\/wp-json\/wp\/v2\/users\/13"}],"replies":[{"embeddable":true,"href":"https:\/\/www.nextbike.de\/berlin\/de\/wp-json\/wp\/v2\/comments?post=148"}],"version-history":[{"count":56,"href":"https:\/\/www.nextbike.de\/berlin\/de\/wp-json\/wp\/v2\/pages\/148\/revisions"}],"predecessor-version":[{"id":433,"href":"https:\/\/www.nextbike.de\/berlin\/de\/wp-json\/wp\/v2\/pages\/148\/revisions\/433"}],"wp:attachment":[{"href":"https:\/\/www.nextbike.de\/berlin\/de\/wp-json\/wp\/v2\/media?parent=148"}],"curies":[{"name":"wp","href":"https:\/\/api.w.org\/{rel}","templated":true}]}}