{"id":65,"date":"2022-08-26T13:50:08","date_gmt":"2022-08-26T11:50:08","guid":{"rendered":"https:\/\/nextbike-live.pluspol-networks.de\/bergisches-ebike\/?page_id=65"},"modified":"2024-10-09T11:47:27","modified_gmt":"2024-10-09T09:47:27","slug":"gebuehr","status":"publish","type":"page","link":"https:\/\/www.nextbike.de\/bergisches-ebike\/de\/gebuehr\/","title":{"rendered":"Geb\u00fchr"},"content":{"rendered":"<div class=\"wpb-content-wrapper\"><p>[vc_row][vc_column][vc_column_text]<\/p>\n<h2>Informationen zu anfallenden Geb\u00fchren beim Bergischen e-Bike<\/h2>\n<p>[\/vc_column_text][vc_column_text]<\/p>\n<div class=\"row_wrap\">\n<div class=\"wp-block-columns row_xxl\">\n<div class=\"wp-block-column col-12 col-sm-auto\">\n<h4>Anfallende Geb\u00fchr in H\u00f6he von 20 \u20ac<\/h4>\n<p>Du hast das E-Bike oder E-Cargobike unsachgem\u00e4\u00df abseits einer offiziellen Station im Bediengebiet vom Bergischen e-Bike zur\u00fcckgegeben. Hierf\u00fcr wird eine Geb\u00fchr von 20 \u20ac pro Ausleihe f\u00e4llig. Bei der ersten unsachgem\u00e4\u00dfen R\u00fcckgabe abseits einer Station berechnen wir diesen noch nicht. Bei Wiederholung wird die Geb\u00fchr automatisch berechnet. Angefallene Geb\u00fchren kannst du in der Ausleih-Historie in deiner App oder in deinem Kundenkonto \u00fcber den Webseiten-Login einsehen.<\/p>\n<p><strong>Du kannst die Geb\u00fchr noch abwenden:<\/strong> Gehe zur\u00fcck zum Rad und leihe es erneut aus. Mache dies nicht aus der Ferne, da das Schloss automatisch \u00f6ffnet. Die neue Ausleihe wird mit der alten verschmolzen und die Geb\u00fchr f\u00fcr unsachgem\u00e4\u00dfe R\u00fcckgabe gel\u00f6scht, wenn du das Rad nun ordnungsgem\u00e4\u00df zur\u00fcckgibst.<\/p>\n<\/div>\n<\/div>\n<\/div>\n<p>[\/vc_column_text][vc_column_text css=&#8220;&#8220;]<\/p>\n<div class=\"row_wrap\">\n<div class=\"wp-block-columns row_xxl\">\n<div class=\"wp-block-column col-12 col-sm-auto\">\n<h4>Welche R\u00fcckgabe-Optionen hast du beim Bergischen e-Bike?<\/h4>\n<p>E-Bikes d\u00fcrfen im Bergischen e-Bike-Gebiet nicht abseits von offiziellen Stationen abgestellt werden. Es gibt keine Flexzone! E-Cargobikes d\u00fcrfen nur an ihren jeweiligen Heimat-Stationen zur\u00fcckgegeben werden, welche auf der Box abgedruckt sind. F\u00fcr unsachgem\u00e4\u00dfe R\u00fcckgaben wird automatisch eine Geb\u00fchr von mind. 20 \u20ac berechnet.<\/p>\n<h4>An allen Stationen<\/h4>\n<p>Du kannst unsere E-Bikes im Bergischen e-Bike-Gebiet an jeder offiziellen Station zur\u00fcckgeben. Falls vorhanden, schiebe das E-Bike in den St\u00e4nder und schlie\u00dfe das Rahmenschloss, sodass es wieder aufgeladen wird. Die Stationen sind teils virtuell, also in der Karte mit gro\u00dfen Markern gekennzeichnet. Teils weisen vor Ort Stationsschilder auf den R\u00fcckgabeort hin.<\/p>\n<h4>An E-Cargobike-Stationen<\/h4>\n<p>E-Cargobikes d\u00fcrfen nur an ihren Heimat-Stationen zur\u00fcckgegeben werden. Diese ist jeweils auf der Box angedruckt. Nutze die Filterfunktion in deiner App, um dir alle E-Cargobike-Stationen anzeigen zu lassen.<\/p>\n<\/div>\n<\/div>\n<\/div>\n<p>[\/vc_column_text][vc_column_text]<\/p>\n<div class=\"row_wrap\">\n<div class=\"wp-block-columns row_xxl\">\n<div class=\"wp-block-column col-12 col-sm-auto\">\n<h4>Irrt\u00fcmliche Geb\u00fchren? Was nun?<\/h4>\n<p>Aufgrund von leichten GPS-Abweichungen kann es passieren, dass dir eine Geb\u00fchr f\u00fcr unsachgem\u00e4\u00dfe R\u00fcckgabe berechnet wird, obwohl du das Rad an einer Station abgestellt hast. Kein Problem. Kontaktiere unsere Hotline unter +49 (0) 30 69205046 oder schicke uns eine Nachricht per App mit deiner registrierten Handynummer, Radnummer und kurzer Schilderung des Sachverhalts. Wir berichtigen die Ausleihe.<\/p>\n<\/div>\n<\/div>\n<\/div>\n<p>[\/vc_column_text][\/vc_column][\/vc_row]<\/p>\n<\/div>","protected":false},"excerpt":{"rendered":"<p>[vc_row][vc_column][vc_column_text] Informationen zu anfallenden Geb\u00fchren beim Bergischen e-Bike [\/vc_column_text][vc_column_text] Anfallende Geb\u00fchr in H\u00f6he von 20 \u20ac Du hast das E-Bike oder E-Cargobike unsachgem\u00e4\u00df abseits einer offiziellen Station im Bediengebiet vom Bergischen e-Bike zur\u00fcckgegeben. Hierf\u00fcr wird eine Geb\u00fchr von 20 \u20ac pro Ausleihe f\u00e4llig. Bei der ersten unsachgem\u00e4\u00dfen R\u00fcckgabe abseits einer Station berechnen wir diesen noch [&hellip;]<\/p>\n","protected":false},"author":2,"featured_media":0,"parent":0,"menu_order":0,"comment_status":"closed","ping_status":"closed","template":"page-bubble.php","meta":{"_acf_changed":false,"inline_featured_image":false,"footnotes":""},"class_list":["post-65","page","type-page","status-publish","hentry"],"acf":[],"yoast_head":"<!-- This site is optimized with the Yoast SEO plugin v27.2 - https:\/\/yoast.com\/product\/yoast-seo-wordpress\/ -->\n<title>Geb\u00fchr - Bergisches E-Bike<\/title>\n<meta name=\"robots\" content=\"index, follow, max-snippet:-1, max-image-preview:large, max-video-preview:-1\" \/>\n<link rel=\"canonical\" href=\"https:\/\/www.nextbike.de\/bergisches-ebike\/de\/gebuehr\/\" \/>\n<meta property=\"og:locale\" content=\"de_DE\" \/>\n<meta property=\"og:type\" content=\"article\" \/>\n<meta property=\"og:title\" content=\"Geb\u00fchr - Bergisches E-Bike\" \/>\n<meta property=\"og:description\" content=\"[vc_row][vc_column][vc_column_text] Informationen zu anfallenden Geb\u00fchren beim Bergischen e-Bike [\/vc_column_text][vc_column_text] Anfallende Geb\u00fchr in H\u00f6he von 20 \u20ac Du hast das E-Bike oder E-Cargobike unsachgem\u00e4\u00df abseits einer offiziellen Station im Bediengebiet vom Bergischen e-Bike zur\u00fcckgegeben. Hierf\u00fcr wird eine Geb\u00fchr von 20 \u20ac pro Ausleihe f\u00e4llig. Bei der ersten unsachgem\u00e4\u00dfen R\u00fcckgabe abseits einer Station berechnen wir diesen noch [&hellip;]\" \/>\n<meta property=\"og:url\" content=\"https:\/\/www.nextbike.de\/bergisches-ebike\/de\/gebuehr\/\" \/>\n<meta property=\"og:site_name\" content=\"Bergisches E-Bike\" \/>\n<meta property=\"article:modified_time\" content=\"2024-10-09T09:47:27+00:00\" \/>\n<meta name=\"twitter:card\" content=\"summary_large_image\" \/>\n<meta name=\"twitter:label1\" content=\"Gesch\u00e4tzte Lesezeit\" \/>\n\t<meta name=\"twitter:data1\" content=\"2\u00a0Minuten\" \/>\n<script type=\"application\/ld+json\" class=\"yoast-schema-graph\">{\"@context\":\"https:\/\/schema.org\",\"@graph\":[{\"@type\":\"WebPage\",\"@id\":\"https:\/\/www.nextbike.de\/bergisches-ebike\/de\/gebuehr\/\",\"url\":\"https:\/\/www.nextbike.de\/bergisches-ebike\/de\/gebuehr\/\",\"name\":\"Geb\u00fchr - Bergisches E-Bike\",\"isPartOf\":{\"@id\":\"https:\/\/www.nextbike.de\/bergisches-ebike\/de\/#website\"},\"datePublished\":\"2022-08-26T11:50:08+00:00\",\"dateModified\":\"2024-10-09T09:47:27+00:00\",\"breadcrumb\":{\"@id\":\"https:\/\/www.nextbike.de\/bergisches-ebike\/de\/gebuehr\/#breadcrumb\"},\"inLanguage\":\"de\",\"potentialAction\":[{\"@type\":\"ReadAction\",\"target\":[\"https:\/\/www.nextbike.de\/bergisches-ebike\/de\/gebuehr\/\"]}]},{\"@type\":\"BreadcrumbList\",\"@id\":\"https:\/\/www.nextbike.de\/bergisches-ebike\/de\/gebuehr\/#breadcrumb\",\"itemListElement\":[{\"@type\":\"ListItem\",\"position\":1,\"name\":\"Startseite\",\"item\":\"https:\/\/www.nextbike.de\/bergisches-ebike\/de\/\"},{\"@type\":\"ListItem\",\"position\":2,\"name\":\"Geb\u00fchr\"}]},{\"@type\":\"WebSite\",\"@id\":\"https:\/\/www.nextbike.de\/bergisches-ebike\/de\/#website\",\"url\":\"https:\/\/www.nextbike.de\/bergisches-ebike\/de\/\",\"name\":\"Bergisches E-Bike\",\"description\":\"App downloaden und Bergisches e-Bike im Bergischen Land fahren!\",\"potentialAction\":[{\"@type\":\"SearchAction\",\"target\":{\"@type\":\"EntryPoint\",\"urlTemplate\":\"https:\/\/www.nextbike.de\/bergisches-ebike\/de\/?s={search_term_string}\"},\"query-input\":{\"@type\":\"PropertyValueSpecification\",\"valueRequired\":true,\"valueName\":\"search_term_string\"}}],\"inLanguage\":\"de\"}]}<\/script>\n<!-- \/ Yoast SEO plugin. -->","yoast_head_json":{"title":"Geb\u00fchr - Bergisches E-Bike","robots":{"index":"index","follow":"follow","max-snippet":"max-snippet:-1","max-image-preview":"max-image-preview:large","max-video-preview":"max-video-preview:-1"},"canonical":"https:\/\/www.nextbike.de\/bergisches-ebike\/de\/gebuehr\/","og_locale":"de_DE","og_type":"article","og_title":"Geb\u00fchr - Bergisches E-Bike","og_description":"[vc_row][vc_column][vc_column_text] Informationen zu anfallenden Geb\u00fchren beim Bergischen e-Bike [\/vc_column_text][vc_column_text] Anfallende Geb\u00fchr in H\u00f6he von 20 \u20ac Du hast das E-Bike oder E-Cargobike unsachgem\u00e4\u00df abseits einer offiziellen Station im Bediengebiet vom Bergischen e-Bike zur\u00fcckgegeben. Hierf\u00fcr wird eine Geb\u00fchr von 20 \u20ac pro Ausleihe f\u00e4llig. Bei der ersten unsachgem\u00e4\u00dfen R\u00fcckgabe abseits einer Station berechnen wir diesen noch [&hellip;]","og_url":"https:\/\/www.nextbike.de\/bergisches-ebike\/de\/gebuehr\/","og_site_name":"Bergisches E-Bike","article_modified_time":"2024-10-09T09:47:27+00:00","twitter_card":"summary_large_image","twitter_misc":{"Gesch\u00e4tzte Lesezeit":"2\u00a0Minuten"},"schema":{"@context":"https:\/\/schema.org","@graph":[{"@type":"WebPage","@id":"https:\/\/www.nextbike.de\/bergisches-ebike\/de\/gebuehr\/","url":"https:\/\/www.nextbike.de\/bergisches-ebike\/de\/gebuehr\/","name":"Geb\u00fchr - Bergisches E-Bike","isPartOf":{"@id":"https:\/\/www.nextbike.de\/bergisches-ebike\/de\/#website"},"datePublished":"2022-08-26T11:50:08+00:00","dateModified":"2024-10-09T09:47:27+00:00","breadcrumb":{"@id":"https:\/\/www.nextbike.de\/bergisches-ebike\/de\/gebuehr\/#breadcrumb"},"inLanguage":"de","potentialAction":[{"@type":"ReadAction","target":["https:\/\/www.nextbike.de\/bergisches-ebike\/de\/gebuehr\/"]}]},{"@type":"BreadcrumbList","@id":"https:\/\/www.nextbike.de\/bergisches-ebike\/de\/gebuehr\/#breadcrumb","itemListElement":[{"@type":"ListItem","position":1,"name":"Startseite","item":"https:\/\/www.nextbike.de\/bergisches-ebike\/de\/"},{"@type":"ListItem","position":2,"name":"Geb\u00fchr"}]},{"@type":"WebSite","@id":"https:\/\/www.nextbike.de\/bergisches-ebike\/de\/#website","url":"https:\/\/www.nextbike.de\/bergisches-ebike\/de\/","name":"Bergisches E-Bike","description":"App downloaden und Bergisches e-Bike im Bergischen Land fahren!","potentialAction":[{"@type":"SearchAction","target":{"@type":"EntryPoint","urlTemplate":"https:\/\/www.nextbike.de\/bergisches-ebike\/de\/?s={search_term_string}"},"query-input":{"@type":"PropertyValueSpecification","valueRequired":true,"valueName":"search_term_string"}}],"inLanguage":"de"}]}},"_links":{"self":[{"href":"https:\/\/www.nextbike.de\/bergisches-ebike\/de\/wp-json\/wp\/v2\/pages\/65","targetHints":{"allow":["GET"]}}],"collection":[{"href":"https:\/\/www.nextbike.de\/bergisches-ebike\/de\/wp-json\/wp\/v2\/pages"}],"about":[{"href":"https:\/\/www.nextbike.de\/bergisches-ebike\/de\/wp-json\/wp\/v2\/types\/page"}],"author":[{"embeddable":true,"href":"https:\/\/www.nextbike.de\/bergisches-ebike\/de\/wp-json\/wp\/v2\/users\/2"}],"replies":[{"embeddable":true,"href":"https:\/\/www.nextbike.de\/bergisches-ebike\/de\/wp-json\/wp\/v2\/comments?post=65"}],"version-history":[{"count":9,"href":"https:\/\/www.nextbike.de\/bergisches-ebike\/de\/wp-json\/wp\/v2\/pages\/65\/revisions"}],"predecessor-version":[{"id":192,"href":"https:\/\/www.nextbike.de\/bergisches-ebike\/de\/wp-json\/wp\/v2\/pages\/65\/revisions\/192"}],"wp:attachment":[{"href":"https:\/\/www.nextbike.de\/bergisches-ebike\/de\/wp-json\/wp\/v2\/media?parent=65"}],"curies":[{"name":"wp","href":"https:\/\/api.w.org\/{rel}","templated":true}]}}