{"id":183,"date":"2024-02-22T15:19:19","date_gmt":"2024-02-22T14:19:19","guid":{"rendered":"https:\/\/nextbike-live.pluspol-networks.de\/aw-bike\/?page_id=183"},"modified":"2025-04-02T10:07:29","modified_gmt":"2025-04-02T08:07:29","slug":"partner","status":"publish","type":"page","link":"https:\/\/www.nextbike.de\/aw-bike\/de\/partner\/","title":{"rendered":"Partner"},"content":{"rendered":"<div class=\"wpb-content-wrapper\"><p>[vc_row ppi_row_padding=&#8220;ppi_remove_padding_bottom&#8220;][vc_column][vc_column_text css=&#8220;&#8220;]<\/p>\n<h1 style=\"text-align: center;\">Partner<\/h1>\n<p style=\"text-align: center;\"><strong>Folgende Nutzer*innen sind zum Kauf des reduzierten Monats- und Jahres-Abo berechtigt:<\/strong><\/p>\n<p>[\/vc_column_text][\/vc_column][\/vc_row][vc_row][vc_column width=&#8220;1\/6&#8243;][vc_icon icon_fontawesome=&#8220;fas fa-map-marked-alt&#8220; color=&#8220;custom&#8220; size=&#8220;lg&#8220; custom_color=&#8220;#007e66&#8243;][\/vc_column][vc_column width=&#8220;5\/6&#8243;][vc_tta_accordion title_tag=&#8220;h3&#8243; active_section=&#8220;0&#8243; collapsible_all=&#8220;true&#8220; title=&#8220;Einwohner*innen des Landkreises Ahrweiler&#8220;][vc_tta_section title=&#8220;Verkn\u00fcpfung&#8220; tab_id=&#8220;1709023560043-97f3a1fd-dfe0&#8243;][vc_column_text css=&#8220;&#8220;]<\/p>\n<ol>\n<li>W\u00e4hle im Wallet der nextbike-App <em>Landkreis Ahrweiler <\/em>als Partner aus<\/li>\n<li>Verifiziere die Partnerverkn\u00fcpfung durch Eingabe deiner Postleitzahl<\/li>\n<li>Das <em>Monats-Abo Einwohner\/-innen Landkreis Ahrweiler<\/em> sowie <em>Jahres-Abo Einwohner\/-innen Landkreis Ahrweiler<\/em>\u00a0ist nun f\u00fcr dich buchbar<\/li>\n<\/ol>\n<p>[\/vc_column_text][\/vc_tta_section][\/vc_tta_accordion][\/vc_column][\/vc_row][vc_row ppi_row_padding=&#8220;ppi_remove_padding_top&#8220;][vc_column width=&#8220;1\/6&#8243;][vc_icon icon_fontawesome=&#8220;fas fa-subway&#8220; color=&#8220;custom&#8220; size=&#8220;lg&#8220; custom_color=&#8220;#007e66&#8243;][\/vc_column][vc_column width=&#8220;5\/6&#8243;][vc_tta_accordion title_tag=&#8220;h3&#8243; active_section=&#8220;0&#8243; collapsible_all=&#8220;true&#8220; title=&#8220;\u00d6PNV-Abonnent*innen&#8220;][vc_tta_section title=&#8220;Berechtigte Abos&#8220; tab_id=&#8220;1709023560117-ed9f2324-9ec4&#8243;][vc_column_text css=&#8220;&#8220;]<strong>Abonnent*innen folgender Verkehrsbetriebe sind zum Kauf des reduzierten Monats- und Jahres-Abos berechtigt:<\/strong><\/p>\n<ul>\n<li>DB &#8211; Deutsche Bahn<\/li>\n<li>koveb &#8211; Koblenzer Verkehrsbetriebe<\/li>\n<li>KVB &#8211; K\u00f6lner Verkehrsbetriebe<\/li>\n<li>Netinera &#8211; Vlexx<\/li>\n<li>RMV &#8211; Rhein-Main-Verkehrsverbund<\/li>\n<li>RSVG &#8211; Rhein-Sieg-Verkehrsgesellschaft<\/li>\n<li>SWB &#8211; Stadtwerke Bonn<\/li>\n<li>Transdev &#8211; Trans Regio MittelrheinBahn<\/li>\n<li>VRM &#8211; Verkehrsverbund Rhein-Mosel<\/li>\n<li>VRS &#8211; Verkehrsverbund Rhein-Sieg<\/li>\n<li>Webu &#8211; Westerwaldbus<\/li>\n<\/ul>\n<p>[\/vc_column_text][\/vc_tta_section][vc_tta_section title=&#8220;Verkn\u00fcpfung&#8220; tab_id=&#8220;1709023560131-86e40394-3c50&#8243;][vc_column_text css=&#8220;&#8220;]<\/p>\n<ol>\n<li>W\u00e4hle im Wallet der nextbike-App <em>Abo-Partner \u00d6PNV Ahrweiler\u00a0<\/em>als Partner aus<\/li>\n<li>Verifiziere die Partnerverkn\u00fcpfung durch Eingabe deiner Postleitzahl und Abo-Nummer<\/li>\n<li>Der <em>Monats-Abo Einwohner\/-innen Landkreis Ahrweiler<\/em> sowie <em>Jahres-Abo Einwohner\/-innen Landkreis Ahrweiler<\/em>\u00a0ist nun f\u00fcr dich buchbar<\/li>\n<\/ol>\n<p>[\/vc_column_text][\/vc_tta_section][\/vc_tta_accordion][\/vc_column][\/vc_row]<\/p>\n<\/div>","protected":false},"excerpt":{"rendered":"<p>[vc_row ppi_row_padding=&#8220;ppi_remove_padding_bottom&#8220;][vc_column][vc_column_text css=&#8220;&#8220;] Partner Folgende Nutzer*innen sind zum Kauf des reduzierten Monats- und Jahres-Abo berechtigt: [\/vc_column_text][\/vc_column][\/vc_row][vc_row][vc_column width=&#8220;1\/6&#8243;][vc_icon icon_fontawesome=&#8220;fas fa-map-marked-alt&#8220; color=&#8220;custom&#8220; size=&#8220;lg&#8220; custom_color=&#8220;#007e66&#8243;][\/vc_column][vc_column width=&#8220;5\/6&#8243;][vc_tta_accordion title_tag=&#8220;h3&#8243; active_section=&#8220;0&#8243; collapsible_all=&#8220;true&#8220; title=&#8220;Einwohner*innen des Landkreises Ahrweiler&#8220;][vc_tta_section title=&#8220;Verkn\u00fcpfung&#8220; tab_id=&#8220;1709023560043-97f3a1fd-dfe0&#8243;][vc_column_text css=&#8220;&#8220;] W\u00e4hle im Wallet der nextbike-App Landkreis Ahrweiler als Partner aus Verifiziere die Partnerverkn\u00fcpfung durch Eingabe deiner Postleitzahl Das Monats-Abo Einwohner\/-innen Landkreis Ahrweiler [&hellip;]<\/p>\n","protected":false},"author":13,"featured_media":0,"parent":0,"menu_order":0,"comment_status":"closed","ping_status":"closed","template":"page-bubble.php","meta":{"_acf_changed":false,"inline_featured_image":false,"footnotes":""},"class_list":["post-183","page","type-page","status-publish","hentry"],"acf":[],"yoast_head":"<!-- This site is optimized with the Yoast SEO plugin v27.2 - https:\/\/yoast.com\/product\/yoast-seo-wordpress\/ -->\n<title>Partner - AW-bike<\/title>\n<meta name=\"description\" content=\"Einwohner*innen des Landkreises Ahrweiler sowie lokale \u00d6PNV-Abonnent*innen erhalten den reduzierten Monats- und Jahrestarif.\" \/>\n<meta name=\"robots\" content=\"index, follow, max-snippet:-1, max-image-preview:large, max-video-preview:-1\" \/>\n<link rel=\"canonical\" href=\"https:\/\/www.nextbike.de\/aw-bike\/de\/partner\/\" \/>\n<meta property=\"og:locale\" content=\"de_DE\" \/>\n<meta property=\"og:type\" content=\"article\" \/>\n<meta property=\"og:title\" content=\"Partner - AW-bike\" \/>\n<meta property=\"og:description\" content=\"Einwohner*innen des Landkreises Ahrweiler sowie lokale \u00d6PNV-Abonnent*innen erhalten den reduzierten Monats- und Jahrestarif.\" \/>\n<meta property=\"og:url\" content=\"https:\/\/www.nextbike.de\/aw-bike\/de\/partner\/\" \/>\n<meta property=\"og:site_name\" content=\"AW-bike\" \/>\n<meta property=\"article:modified_time\" content=\"2025-04-02T08:07:29+00:00\" \/>\n<meta name=\"twitter:card\" content=\"summary_large_image\" \/>\n<meta name=\"twitter:label1\" content=\"Gesch\u00e4tzte Lesezeit\" \/>\n\t<meta name=\"twitter:data1\" content=\"1\u00a0Minute\" \/>\n<script type=\"application\/ld+json\" class=\"yoast-schema-graph\">{\"@context\":\"https:\/\/schema.org\",\"@graph\":[{\"@type\":\"WebPage\",\"@id\":\"https:\/\/www.nextbike.de\/aw-bike\/de\/partner\/\",\"url\":\"https:\/\/www.nextbike.de\/aw-bike\/de\/partner\/\",\"name\":\"Partner - AW-bike\",\"isPartOf\":{\"@id\":\"https:\/\/www.nextbike.de\/aw-bike\/de\/#website\"},\"datePublished\":\"2024-02-22T14:19:19+00:00\",\"dateModified\":\"2025-04-02T08:07:29+00:00\",\"description\":\"Einwohner*innen des Landkreises Ahrweiler sowie lokale \u00d6PNV-Abonnent*innen erhalten den reduzierten Monats- und Jahrestarif.\",\"breadcrumb\":{\"@id\":\"https:\/\/www.nextbike.de\/aw-bike\/de\/partner\/#breadcrumb\"},\"inLanguage\":\"de\",\"potentialAction\":[{\"@type\":\"ReadAction\",\"target\":[\"https:\/\/www.nextbike.de\/aw-bike\/de\/partner\/\"]}]},{\"@type\":\"BreadcrumbList\",\"@id\":\"https:\/\/www.nextbike.de\/aw-bike\/de\/partner\/#breadcrumb\",\"itemListElement\":[{\"@type\":\"ListItem\",\"position\":1,\"name\":\"Startseite\",\"item\":\"https:\/\/www.nextbike.de\/aw-bike\/de\/\"},{\"@type\":\"ListItem\",\"position\":2,\"name\":\"Partner\"}]},{\"@type\":\"WebSite\",\"@id\":\"https:\/\/www.nextbike.de\/aw-bike\/de\/#website\",\"url\":\"https:\/\/www.nextbike.de\/aw-bike\/de\/\",\"name\":\"AW-bike\",\"description\":\"Bike Sharing by nextbike\",\"potentialAction\":[{\"@type\":\"SearchAction\",\"target\":{\"@type\":\"EntryPoint\",\"urlTemplate\":\"https:\/\/www.nextbike.de\/aw-bike\/de\/?s={search_term_string}\"},\"query-input\":{\"@type\":\"PropertyValueSpecification\",\"valueRequired\":true,\"valueName\":\"search_term_string\"}}],\"inLanguage\":\"de\"}]}<\/script>\n<!-- \/ Yoast SEO plugin. -->","yoast_head_json":{"title":"Partner - AW-bike","description":"Einwohner*innen des Landkreises Ahrweiler sowie lokale \u00d6PNV-Abonnent*innen erhalten den reduzierten Monats- und Jahrestarif.","robots":{"index":"index","follow":"follow","max-snippet":"max-snippet:-1","max-image-preview":"max-image-preview:large","max-video-preview":"max-video-preview:-1"},"canonical":"https:\/\/www.nextbike.de\/aw-bike\/de\/partner\/","og_locale":"de_DE","og_type":"article","og_title":"Partner - AW-bike","og_description":"Einwohner*innen des Landkreises Ahrweiler sowie lokale \u00d6PNV-Abonnent*innen erhalten den reduzierten Monats- und Jahrestarif.","og_url":"https:\/\/www.nextbike.de\/aw-bike\/de\/partner\/","og_site_name":"AW-bike","article_modified_time":"2025-04-02T08:07:29+00:00","twitter_card":"summary_large_image","twitter_misc":{"Gesch\u00e4tzte Lesezeit":"1\u00a0Minute"},"schema":{"@context":"https:\/\/schema.org","@graph":[{"@type":"WebPage","@id":"https:\/\/www.nextbike.de\/aw-bike\/de\/partner\/","url":"https:\/\/www.nextbike.de\/aw-bike\/de\/partner\/","name":"Partner - AW-bike","isPartOf":{"@id":"https:\/\/www.nextbike.de\/aw-bike\/de\/#website"},"datePublished":"2024-02-22T14:19:19+00:00","dateModified":"2025-04-02T08:07:29+00:00","description":"Einwohner*innen des Landkreises Ahrweiler sowie lokale \u00d6PNV-Abonnent*innen erhalten den reduzierten Monats- und Jahrestarif.","breadcrumb":{"@id":"https:\/\/www.nextbike.de\/aw-bike\/de\/partner\/#breadcrumb"},"inLanguage":"de","potentialAction":[{"@type":"ReadAction","target":["https:\/\/www.nextbike.de\/aw-bike\/de\/partner\/"]}]},{"@type":"BreadcrumbList","@id":"https:\/\/www.nextbike.de\/aw-bike\/de\/partner\/#breadcrumb","itemListElement":[{"@type":"ListItem","position":1,"name":"Startseite","item":"https:\/\/www.nextbike.de\/aw-bike\/de\/"},{"@type":"ListItem","position":2,"name":"Partner"}]},{"@type":"WebSite","@id":"https:\/\/www.nextbike.de\/aw-bike\/de\/#website","url":"https:\/\/www.nextbike.de\/aw-bike\/de\/","name":"AW-bike","description":"Bike Sharing by nextbike","potentialAction":[{"@type":"SearchAction","target":{"@type":"EntryPoint","urlTemplate":"https:\/\/www.nextbike.de\/aw-bike\/de\/?s={search_term_string}"},"query-input":{"@type":"PropertyValueSpecification","valueRequired":true,"valueName":"search_term_string"}}],"inLanguage":"de"}]}},"_links":{"self":[{"href":"https:\/\/www.nextbike.de\/aw-bike\/de\/wp-json\/wp\/v2\/pages\/183","targetHints":{"allow":["GET"]}}],"collection":[{"href":"https:\/\/www.nextbike.de\/aw-bike\/de\/wp-json\/wp\/v2\/pages"}],"about":[{"href":"https:\/\/www.nextbike.de\/aw-bike\/de\/wp-json\/wp\/v2\/types\/page"}],"author":[{"embeddable":true,"href":"https:\/\/www.nextbike.de\/aw-bike\/de\/wp-json\/wp\/v2\/users\/13"}],"replies":[{"embeddable":true,"href":"https:\/\/www.nextbike.de\/aw-bike\/de\/wp-json\/wp\/v2\/comments?post=183"}],"version-history":[{"count":21,"href":"https:\/\/www.nextbike.de\/aw-bike\/de\/wp-json\/wp\/v2\/pages\/183\/revisions"}],"predecessor-version":[{"id":256,"href":"https:\/\/www.nextbike.de\/aw-bike\/de\/wp-json\/wp\/v2\/pages\/183\/revisions\/256"}],"wp:attachment":[{"href":"https:\/\/www.nextbike.de\/aw-bike\/de\/wp-json\/wp\/v2\/media?parent=183"}],"curies":[{"name":"wp","href":"https:\/\/api.w.org\/{rel}","templated":true}]}}